{"id":366,"date":"2016-12-21T22:34:43","date_gmt":"2016-12-21T15:34:43","guid":{"rendered":"http:\/\/cscec-sea.com\/?page_id=366"},"modified":"2017-01-05T14:51:49","modified_gmt":"2017-01-05T07:51:49","slug":"tieng-viet-cscec-sea","status":"publish","type":"page","link":"https:\/\/cscec-sea.com\/zh\/about-us\/overview\/tieng-viet-cscec-sea","title":{"rendered":"\u4e2d\u56fd\u5efa\u7b51\uff08\u4e1c\u5357\u4e9a\uff09\u6709\u9650\u516c\u53f8"},"content":{"rendered":"<p>\u4e2d\u56fd\u5efa\u7b51\uff08\u4e1c\u5357\u4e9a\uff09\u6709\u9650\u516c\u53f8\u662f<a href=\"http:\/\/2bur.cscec.com\/\">\u4e2d\u5efa\u4e8c\u5c40<\/a>\u65d7\u4e0b\u5b50\u516c\u53f8\uff0c\u603b\u90e8\u4f4d\u4e8e\u8d8a\u5357\u80e1\u5fd7\u660e\u5e02\u7b2c7\u90e1\u5bcc\u7f8e\u5174\u65b0\u57ce\u533a\uff0c\u4e0b\u8f96\u9a6c\u6765\u897f\u4e9a\u516c\u53f8\u3001\u67ec\u57d4\u5be8\u516c\u53f8\u548c\u9686\u5b89\u677f\u6869\u9884\u5236\u5382\uff0c\u53c2\u80a1<a href=\"http:\/\/www.spcc.com.vn\/\">\u4e2d\u534e\u592a\u5e73\u6d0b\u5efa\u8bbe\u6709\u9650\u516c\u53f8<\/a>\u3002\u516c\u53f8\u901a\u8fc7\u4e86ISO9001\uff1a2008\u8d28\u91cf\u7ba1\u7406\u3001ISO 14001:2004\u73af\u5883\u7ba1\u7406\u3001ISO 18001:2007\u804c\u4e1a\u5065\u5eb7\u5b89\u5168\u7ba1\u7406\u4f53\u7cfb\u8ba4\u8bc1\uff0c\u662f\u96c6\u6c11\u7528\u3001\u5de5\u4e1a\u548c\u4ea4\u901a\u5efa\u7b51\u65bd\u5de5\u3001\u8bbe\u8ba1\u54a8\u8be2\u3001\u5efa\u7b51\u673a\u68b0\u8bbe\u5907\u51fa\u79df\u3001\u6df7\u51dd\u571f\u5236\u552e\u3001\u539f\u6750\u6599\u8fdb\u51fa\u53e3\u3001\u94a2\u7ed3\u6784\u8bbe\u8ba1\u5efa\u9020\u7b49\u4e1a\u52a1\u4e3a\u4e00\u4f53\u7684\u7efc\u5408\u6027\u56fd\u9645\u5de5\u7a0b\u627f\u5305\u4f01\u4e1a\u3002<\/p>\n<p>\u516c\u53f8\u4e8e\u4e0a\u4e16\u7eaa90\u5e74\u4ee3\u8d70\u51fa\u56fd\u95e8\uff0c\u6d77\u5916\u8015\u801820\u4f59\u8f7d\uff0c\u7d2f\u8ba1\u627f\u63a5\u5408\u540c\u989d\u8fd1200\u4ebf\u5143\uff0c\u4e1a\u52a1\u8303\u56f4\u904d\u53ca\u8d8a\u5357\u5168\u5883\u3001\u9a6c\u6765\u897f\u4e9a\u5409\u9686\u5761\u3001\u67d4\u4f5b\u5dde\u3001\u67ec\u57d4\u5be8\u91d1\u8fb9\u7b49\u591a\u4e2a\u533a\u57df\uff0c\u9762\u5411\u5370\u5c3c\u3001\u6587\u83b1\u3001\u7f05\u7538\u3001\u8001\u631d\u7b49\u56fd\u5b9e\u65bd\u5e02\u573a\u8425\u9500\u7efc\u5408\u5e03\u5c40\uff0c \u662f<a href=\"http:\/\/www.cscec.com\/\">\u4e2d\u56fd\u5efa\u7b51<\/a>\u201c\u5927\u6d77\u5916\u201d\u5e03\u5c40\u4e2d\u4e1c\u5357\u4e9a\u533a\u57df\u7684\u7a97\u53e3\u4f01\u4e1a\u3002<\/p>","protected":false},"excerpt":{"rendered":"<p>\u4e2d\u56fd\u5efa\u7b51\uff08\u4e1c\u5357\u4e9a\uff09\u6709\u9650\u516c\u53f8\u662f\u4e2d\u5efa\u4e8c\u5c40\u65d7\u4e0b\u5b50\u516c\u53f8\uff0c\u603b\u90e8\u4f4d\u4e8e\u8d8a\u5357\u80e1\u5fd7\u660e\u5e02\u7b2c7\u90e1\u5bcc\u7f8e\u5174\u65b0\u57ce\u533a\uff0c\u4e0b\u8f96\u9a6c\u6765\u897f\u4e9a\u516c\u53f8\u3001\u67ec\u57d4 [&hellip;]<\/p>\n","protected":false},"author":2,"featured_media":795,"parent":107,"menu_order":0,"comment_status":"closed","ping_status":"closed","template":"","meta":{"footnotes":""},"class_list":["post-366","page","type-page","status-publish","has-post-thumbnail","hentry"],"yoast_head":"<!-- This site is optimized with the Yoast SEO plugin v24.7 - https:\/\/yoast.com\/wordpress\/plugins\/seo\/ -->\n<title>\u4e2d\u56fd\u5efa\u7b51\uff08\u4e1c\u5357\u4e9a\uff09\u6709\u9650\u516c\u53f8 - CSCEC SEA<\/title>\n<meta name=\"robots\" content=\"index, follow, max-snippet:-1, max-image-preview:large, max-video-preview:-1\" \/>\n<link rel=\"canonical\" href=\"https:\/\/cscec-sea.com\/vi\/about-us\/overview\/tieng-viet-cscec-sea\" \/>\n<meta property=\"og:locale\" content=\"zh_CN\" \/>\n<meta property=\"og:type\" content=\"article\" \/>\n<meta property=\"og:title\" content=\"[:en]CHINA CONSTRUCTION (S.E.A) CORPORATION LIMITED[:vi]C\u00d4NG TY TNHH X\u00c2Y D\u1ef0NG TRUNG QU\u1ed0C (\u0110\u00d4NG NAM \u00c1)[:zh]\u4e2d\u56fd\u5efa\u7b51\uff08\u4e1c\u5357\u4e9a\uff09\u6709\u9650\u516c\u53f8[:] - CSCEC SEA\" \/>\n<meta property=\"og:description\" content=\"\u4e2d\u56fd\u5efa\u7b51\uff08\u4e1c\u5357\u4e9a\uff09\u6709\u9650\u516c\u53f8\u662f\u4e2d\u5efa\u4e8c\u5c40\u65d7\u4e0b\u5b50\u516c\u53f8\uff0c\u603b\u90e8\u4f4d\u4e8e\u8d8a\u5357\u80e1\u5fd7\u660e\u5e02\u7b2c7\u90e1\u5bcc\u7f8e\u5174\u65b0\u57ce\u533a\uff0c\u4e0b\u8f96\u9a6c\u6765\u897f\u4e9a\u516c\u53f8\u3001\u67ec\u57d4 [&hellip;]\" \/>\n<meta property=\"og:url\" content=\"https:\/\/cscec-sea.com\/vi\/about-us\/overview\/tieng-viet-cscec-sea\" \/>\n<meta property=\"og:site_name\" content=\"CSCEC SEA\" \/>\n<meta property=\"article:modified_time\" content=\"2017-01-05T07:51:49+00:00\" \/>\n<meta property=\"og:image\" content=\"https:\/\/cscec-sea.com\/wp-content\/uploads\/2016\/11\/cscec-sea-grand-opening-1024x733.jpg\" \/>\n\t<meta property=\"og:image:width\" content=\"1024\" \/>\n\t<meta property=\"og:image:height\" content=\"733\" \/>\n\t<meta property=\"og:image:type\" content=\"image\/jpeg\" \/>\n<meta name=\"twitter:card\" content=\"summary_large_image\" \/>\n<meta name=\"twitter:label1\" content=\"\u9884\u8ba1\u9605\u8bfb\u65f6\u95f4\" \/>\n\t<meta name=\"twitter:data1\" content=\"3 \u5206\" \/>\n<script type=\"application\/ld+json\" class=\"yoast-schema-graph\">{\"@context\":\"https:\/\/schema.org\",\"@graph\":[{\"@type\":\"WebPage\",\"@id\":\"https:\/\/cscec-sea.com\/vi\/about-us\/overview\/tieng-viet-cscec-sea\",\"url\":\"https:\/\/cscec-sea.com\/vi\/about-us\/overview\/tieng-viet-cscec-sea\",\"name\":\"[:en]CHINA CONSTRUCTION (S.E.A) CORPORATION LIMITED[:vi]C\u00d4NG TY TNHH X\u00c2Y D\u1ef0NG TRUNG QU\u1ed0C (\u0110\u00d4NG NAM \u00c1)[:zh]\u4e2d\u56fd\u5efa\u7b51\uff08\u4e1c\u5357\u4e9a\uff09\u6709\u9650\u516c\u53f8[:] - CSCEC SEA\",\"isPartOf\":{\"@id\":\"https:\/\/cscec-sea.com\/#website\"},\"primaryImageOfPage\":{\"@id\":\"https:\/\/cscec-sea.com\/vi\/about-us\/overview\/tieng-viet-cscec-sea#primaryimage\"},\"image\":{\"@id\":\"https:\/\/cscec-sea.com\/vi\/about-us\/overview\/tieng-viet-cscec-sea#primaryimage\"},\"thumbnailUrl\":\"https:\/\/cscec-sea.com\/wp-content\/uploads\/2016\/11\/cscec-sea-grand-opening.jpg\",\"datePublished\":\"2016-12-21T15:34:43+00:00\",\"dateModified\":\"2017-01-05T07:51:49+00:00\",\"breadcrumb\":{\"@id\":\"https:\/\/cscec-sea.com\/vi\/about-us\/overview\/tieng-viet-cscec-sea#breadcrumb\"},\"inLanguage\":\"zh-Hans\",\"potentialAction\":[{\"@type\":\"ReadAction\",\"target\":[\"https:\/\/cscec-sea.com\/vi\/about-us\/overview\/tieng-viet-cscec-sea\"]}]},{\"@type\":\"ImageObject\",\"inLanguage\":\"zh-Hans\",\"@id\":\"https:\/\/cscec-sea.com\/vi\/about-us\/overview\/tieng-viet-cscec-sea#primaryimage\",\"url\":\"https:\/\/cscec-sea.com\/wp-content\/uploads\/2016\/11\/cscec-sea-grand-opening.jpg\",\"contentUrl\":\"https:\/\/cscec-sea.com\/wp-content\/uploads\/2016\/11\/cscec-sea-grand-opening.jpg\",\"width\":4224,\"height\":3024},{\"@type\":\"BreadcrumbList\",\"@id\":\"https:\/\/cscec-sea.com\/vi\/about-us\/overview\/tieng-viet-cscec-sea#breadcrumb\",\"itemListElement\":[{\"@type\":\"ListItem\",\"position\":1,\"name\":\"Home\",\"item\":\"https:\/\/cscec-sea.com\/vi\/\"},{\"@type\":\"ListItem\",\"position\":2,\"name\":\"GI\u1edaI THI\u1ec6U\",\"item\":\"https:\/\/cscec-sea.com\/vi\/about-us\"},{\"@type\":\"ListItem\",\"position\":3,\"name\":\"T\u1ed4NG QUAN\",\"item\":\"https:\/\/cscec-sea.com\/vi\/about-us\/overview\"},{\"@type\":\"ListItem\",\"position\":4,\"name\":\"C\u00d4NG TY TNHH X\u00c2Y D\u1ef0NG TRUNG QU\u1ed0C (\u0110\u00d4NG NAM \u00c1)\"}]},{\"@type\":\"WebSite\",\"@id\":\"https:\/\/cscec-sea.com\/#website\",\"url\":\"https:\/\/cscec-sea.com\/\",\"name\":\"CSCEC SEA\",\"description\":\"Integrity, Innovation, Transcendence, Win-Win\",\"potentialAction\":[{\"@type\":\"SearchAction\",\"target\":{\"@type\":\"EntryPoint\",\"urlTemplate\":\"https:\/\/cscec-sea.com\/?s={search_term_string}\"},\"query-input\":{\"@type\":\"PropertyValueSpecification\",\"valueRequired\":true,\"valueName\":\"search_term_string\"}}],\"inLanguage\":\"zh-Hans\"}]}<\/script>\n<!-- \/ Yoast SEO plugin. -->","yoast_head_json":{"title":"[:en]CHINA CONSTRUCTION (S.E.A) CORPORATION LIMITED[:vi]C\u00d4NG TY TNHH X\u00c2Y D\u1ef0NG TRUNG QU\u1ed0C (\u0110\u00d4NG NAM \u00c1)[:zh]\u4e2d\u56fd\u5efa\u7b51\uff08\u4e1c\u5357\u4e9a\uff09\u6709\u9650\u516c\u53f8[:] - CSCEC SEA","robots":{"index":"index","follow":"follow","max-snippet":"max-snippet:-1","max-image-preview":"max-image-preview:large","max-video-preview":"max-video-preview:-1"},"canonical":"https:\/\/cscec-sea.com\/vi\/about-us\/overview\/tieng-viet-cscec-sea","og_locale":"zh_CN","og_type":"article","og_title":"[:en]CHINA CONSTRUCTION (S.E.A) CORPORATION LIMITED[:vi]C\u00d4NG TY TNHH X\u00c2Y D\u1ef0NG TRUNG QU\u1ed0C (\u0110\u00d4NG NAM \u00c1)[:zh]\u4e2d\u56fd\u5efa\u7b51\uff08\u4e1c\u5357\u4e9a\uff09\u6709\u9650\u516c\u53f8[:] - CSCEC SEA","og_description":"\u4e2d\u56fd\u5efa\u7b51\uff08\u4e1c\u5357\u4e9a\uff09\u6709\u9650\u516c\u53f8\u662f\u4e2d\u5efa\u4e8c\u5c40\u65d7\u4e0b\u5b50\u516c\u53f8\uff0c\u603b\u90e8\u4f4d\u4e8e\u8d8a\u5357\u80e1\u5fd7\u660e\u5e02\u7b2c7\u90e1\u5bcc\u7f8e\u5174\u65b0\u57ce\u533a\uff0c\u4e0b\u8f96\u9a6c\u6765\u897f\u4e9a\u516c\u53f8\u3001\u67ec\u57d4 [&hellip;]","og_url":"https:\/\/cscec-sea.com\/vi\/about-us\/overview\/tieng-viet-cscec-sea","og_site_name":"CSCEC SEA","article_modified_time":"2017-01-05T07:51:49+00:00","og_image":[{"width":1024,"height":733,"url":"https:\/\/cscec-sea.com\/wp-content\/uploads\/2016\/11\/cscec-sea-grand-opening-1024x733.jpg","type":"image\/jpeg"}],"twitter_card":"summary_large_image","twitter_misc":{"\u9884\u8ba1\u9605\u8bfb\u65f6\u95f4":"3 \u5206"},"schema":{"@context":"https:\/\/schema.org","@graph":[{"@type":"WebPage","@id":"https:\/\/cscec-sea.com\/vi\/about-us\/overview\/tieng-viet-cscec-sea","url":"https:\/\/cscec-sea.com\/vi\/about-us\/overview\/tieng-viet-cscec-sea","name":"[:en]CHINA CONSTRUCTION (S.E.A) CORPORATION LIMITED[:vi]C\u00d4NG TY TNHH X\u00c2Y D\u1ef0NG TRUNG QU\u1ed0C (\u0110\u00d4NG NAM \u00c1)[:zh]\u4e2d\u56fd\u5efa\u7b51\uff08\u4e1c\u5357\u4e9a\uff09\u6709\u9650\u516c\u53f8[:] - CSCEC SEA","isPartOf":{"@id":"https:\/\/cscec-sea.com\/#website"},"primaryImageOfPage":{"@id":"https:\/\/cscec-sea.com\/vi\/about-us\/overview\/tieng-viet-cscec-sea#primaryimage"},"image":{"@id":"https:\/\/cscec-sea.com\/vi\/about-us\/overview\/tieng-viet-cscec-sea#primaryimage"},"thumbnailUrl":"https:\/\/cscec-sea.com\/wp-content\/uploads\/2016\/11\/cscec-sea-grand-opening.jpg","datePublished":"2016-12-21T15:34:43+00:00","dateModified":"2017-01-05T07:51:49+00:00","breadcrumb":{"@id":"https:\/\/cscec-sea.com\/vi\/about-us\/overview\/tieng-viet-cscec-sea#breadcrumb"},"inLanguage":"zh-Hans","potentialAction":[{"@type":"ReadAction","target":["https:\/\/cscec-sea.com\/vi\/about-us\/overview\/tieng-viet-cscec-sea"]}]},{"@type":"ImageObject","inLanguage":"zh-Hans","@id":"https:\/\/cscec-sea.com\/vi\/about-us\/overview\/tieng-viet-cscec-sea#primaryimage","url":"https:\/\/cscec-sea.com\/wp-content\/uploads\/2016\/11\/cscec-sea-grand-opening.jpg","contentUrl":"https:\/\/cscec-sea.com\/wp-content\/uploads\/2016\/11\/cscec-sea-grand-opening.jpg","width":4224,"height":3024},{"@type":"BreadcrumbList","@id":"https:\/\/cscec-sea.com\/vi\/about-us\/overview\/tieng-viet-cscec-sea#breadcrumb","itemListElement":[{"@type":"ListItem","position":1,"name":"Home","item":"https:\/\/cscec-sea.com\/vi\/"},{"@type":"ListItem","position":2,"name":"GI\u1edaI THI\u1ec6U","item":"https:\/\/cscec-sea.com\/vi\/about-us"},{"@type":"ListItem","position":3,"name":"T\u1ed4NG QUAN","item":"https:\/\/cscec-sea.com\/vi\/about-us\/overview"},{"@type":"ListItem","position":4,"name":"C\u00d4NG TY TNHH X\u00c2Y D\u1ef0NG TRUNG QU\u1ed0C (\u0110\u00d4NG NAM \u00c1)"}]},{"@type":"WebSite","@id":"https:\/\/cscec-sea.com\/#website","url":"https:\/\/cscec-sea.com\/","name":"CSCEC SEA","description":"Integrity, Innovation, Transcendence, Win-Win","potentialAction":[{"@type":"SearchAction","target":{"@type":"EntryPoint","urlTemplate":"https:\/\/cscec-sea.com\/?s={search_term_string}"},"query-input":{"@type":"PropertyValueSpecification","valueRequired":true,"valueName":"search_term_string"}}],"inLanguage":"zh-Hans"}]}},"_links":{"self":[{"href":"https:\/\/cscec-sea.com\/zh\/wp-json\/wp\/v2\/pages\/366","targetHints":{"allow":["GET"]}}],"collection":[{"href":"https:\/\/cscec-sea.com\/zh\/wp-json\/wp\/v2\/pages"}],"about":[{"href":"https:\/\/cscec-sea.com\/zh\/wp-json\/wp\/v2\/types\/page"}],"author":[{"embeddable":true,"href":"https:\/\/cscec-sea.com\/zh\/wp-json\/wp\/v2\/users\/2"}],"replies":[{"embeddable":true,"href":"https:\/\/cscec-sea.com\/zh\/wp-json\/wp\/v2\/comments?post=366"}],"version-history":[{"count":6,"href":"https:\/\/cscec-sea.com\/zh\/wp-json\/wp\/v2\/pages\/366\/revisions"}],"predecessor-version":[{"id":789,"href":"https:\/\/cscec-sea.com\/zh\/wp-json\/wp\/v2\/pages\/366\/revisions\/789"}],"up":[{"embeddable":true,"href":"https:\/\/cscec-sea.com\/zh\/wp-json\/wp\/v2\/pages\/107"}],"wp:featuredmedia":[{"embeddable":true,"href":"https:\/\/cscec-sea.com\/zh\/wp-json\/wp\/v2\/media\/795"}],"wp:attachment":[{"href":"https:\/\/cscec-sea.com\/zh\/wp-json\/wp\/v2\/media?parent=366"}],"curies":[{"name":"wp","href":"https:\/\/api.w.org\/{rel}","templated":true}]}}