{"id":368,"date":"2016-12-21T22:38:07","date_gmt":"2016-12-21T15:38:07","guid":{"rendered":"http:\/\/cscec-sea.com\/?page_id=368"},"modified":"2018-01-09T08:42:16","modified_gmt":"2018-01-09T01:42:16","slug":"tieng-viet-china-construction-second-engineering-bureau-ltd","status":"publish","type":"page","link":"https:\/\/cscec-sea.com\/vi\/about-us\/overview\/tieng-viet-china-construction-second-engineering-bureau-ltd","title":{"rendered":"C\u00d4NG TY X\u00c2Y D\u1ef0NG TRUNG QU\u1ed0C T\u1ed4NG C\u1ee4C II"},"content":{"rendered":"<p><span style=\"color: #0000ff;\"><strong><a style=\"color: #0000ff;\" href=\"http:\/\/2bur.cscec.com\/\">C\u00d4NG TY X\u00c2Y D\u1ef0NG TRUNG QU\u1ed0C T\u1ed4NG C\u1ee4C II<\/a><\/strong><\/span><\/p>\n<p><span style=\"color: #333333;\"><a href=\"http:\/\/2bur.cscec.com\/\">C\u00f4ng Ty X\u00e2y D\u1ef1ng Trung Qu\u1ed1c \u00a0T\u1ed5ng C\u1ee5c 2<\/a> (sau \u0111\u00e2y g\u1ecdi t\u1eaft l\u00e0 \u201cC\u00f4ng ty\u201d), l\u00e0 c\u00f4ng ty con duy nh\u1ea5t c\u1ee7a <a href=\"http:\/\/www.cscec.com\/\">T\u1ed5ng C\u00f4ng ty X\u00e2y d\u1ef1ng Trung Qu\u1ed1c<\/a>, l\u00e0 c\u00f4ng ty x\u00e2y d\u1ef1ng tr\u1ecdng \u0111i\u1ec3m c\u00f3 quy m\u00f4 l\u1edbn, \u0111\u1ea1t Gi\u1ea5y ch\u1ee9ng nh\u1eadn N\u0103ng l\u1ef1c \u0111\u1eb7c bi\u1ec7t c\u1ee7a T\u1ed5ng th\u1ea7u x\u00e2y d\u1ef1ng. \u0110\u01b0\u1ee3c th\u00e0nh l\u1eadp v\u00e0o n\u0103m 1952, c\u00f4ng ty c\u00f3 tr\u1ee5 s\u1edf ch\u00ednh \u1edf B\u1eafc Kinh, v\u1edbi v\u1ed1n \u0111\u0103ng k\u00fd 2,875 t\u1ef7 Nh\u00e2n d\u00e2n t\u1ec7. C\u00f4ng ty c\u00f3 h\u01a1n 25.000 nh\u00e2n vi\u00ean, trong \u0111\u00f3 h\u01a1n 1.500 nh\u00e2n vi\u00ean c\u00f3 tr\u00ecnh \u0111\u1ed9 chuy\u00ean m\u00f4n cao v\u00e0 chuy\u00ean nghi\u1ec7p. Hi\u1ec7n doanh thu h\u00e0ng n\u0103m c\u1ee7a C\u00f4ng ty \u0111\u1ea1t tr\u00ean 100 t\u1ef7 Nh\u00e2n d\u00e2n t\u1ec7. C\u00f4ng ty \u0111\u00e3 \u0111\u01b0\u1ee3c trao t\u1eb7ng &#8220;Doanh nghi\u1ec7p \u0111\u00e1ng tin c\u1eady&#8221;, &#8220;Huy ch\u01b0\u01a1ng lao \u0111\u1ed9ng h\u1ea1ng nh\u1ea5t&#8221;, &#8220;Doanh nghi\u1ec7p x\u00e2y d\u1ef1ng xu\u1ea5t s\u1eafc&#8221;, &#8220;Doanh nghi\u1ec7p \u0111\u1ea1t t\u00edn nhi\u1ec7m c\u1ee7a kh\u00e1ch h\u00e0ng&#8221; .v.v\u2026 C\u00f4ng ty c\u00f3 n\u0103ng l\u1ef1c thi c\u00f4ng c\u00e1c c\u00f4ng tr\u00ecnh \u0111\u00f2i h\u1ecfi t\u00ednh chuy\u00ean nghi\u1ec7p cao v\u00e0 c\u00e1c c\u00f4ng tr\u00ecnh ph\u1ee9c h\u1ee3p, bao g\u1ed3m thi c\u00f4ng v\u00e0 l\u1eafp \u0111\u1eb7t thi\u1ebft b\u1ecb, thi c\u00f4ng c\u00f4ng tr\u00ecnh c\u1ea7u \u0111\u01b0\u1eddng, s\u1ea3n xu\u1ea5t b\u00ea t\u00f4ng, x\u00e2y d\u1ef1ng c\u00e1c c\u00f4ng tr\u00ecnh \u0111\u00f4 th\u1ecb, s\u1ea3n xu\u1ea5t v\u00e0 l\u1eafp \u0111\u1eb7t c\u1ea5u ki\u1ec7n th\u00e9p, thi\u1ebft k\u1ebf x\u00e2y d\u1ef1ng, x\u00e2y d\u1ef1ng c\u01a1 gi\u1edbi h\u00f3a, trang tr\u00ed, ph\u00e1t tri\u1ec3n b\u1ea5t \u0111\u1ed9ng s\u1ea3n, thi c\u00f4ng x\u1eed l\u00fd n\u1ec1n m\u00f3ng, s\u1ea3n xu\u1ea5t v\u00e0 cho thu\u00ea m\u00e1y m\u00f3c x\u00e2y d\u1ef1ng.v.v\u2026 C\u00f4ng ty ho\u1ea1t \u0111\u1ed9ng t\u1ea1i Irac, Jordan, C\u00e1c ti\u1ec3u v\u01b0\u01a1ng qu\u1ed1c \u1ea2 R\u1eadp Th\u1ed1ng nh\u1ea5t, Botswana, Vi\u1ec7t Nam, Brunei, Algeria, v\u00e0 tr\u00ean to\u00e0n th\u1ecb tr\u01b0\u1eddng qu\u1ed1c t\u1ebf.<\/span><\/p>\n<p><span style=\"color: #333333;\">C\u00f4ng ty \u0111\u00e3 v\u00e0 \u0111ang \u0111\u00e1nh gi\u00e1 ch\u1ea5t l\u01b0\u1ee3ng d\u1ef1 \u00e1n v\u1ec1 c\u01a1 b\u1ea3n v\u00e0 ch\u00ednh s\u00e1ch ch\u1ea5t l\u01b0\u1ee3ng c\u1ee7a C\u00f4ng ty nh\u01b0 \u0111\u1ecbnh h\u01b0\u1edbng nh\u00e2n vi\u00ean, tu\u00e2n th\u1ee7 ph\u00e1p lu\u1eadt, bi\u1ec7n ph\u00e1p b\u1ea3o h\u1ed9 lao \u0111\u1ed9ng tr\u01b0\u1edbc ti\u00ean, ti\u1ebfn \u0111\u1ed9 tr\u00f4i ch\u1ea3y, t\u1ea1o m\u00f4i tr\u01b0\u1eddng xanh v\u00e0 an to\u00e0n c\u0169ng nh\u01b0 \u0111\u00e1p \u1ee9ng y\u00eau c\u1ea7u c\u1ee7a kh\u00e1ch h\u00e0ng. Trong nh\u1eefng n\u0103m g\u1ea7n \u0111\u00e2y, C\u00f4ng ty \u0111\u00e3 nh\u1eadn \u0111\u01b0\u1ee3c h\u01a1n 500 gi\u1ea3i th\u01b0\u1edfng d\u1ef1 \u00e1n xu\u1ea5t s\u1eafc c\u1ee7a B\u1ed9, trong \u0111\u00f3 c\u00f3 31 d\u1ef1 \u00e1n \u0111\u01b0\u1ee3c trao gi\u1ea3i Lu Ban &#8211; gi\u1ea3i th\u01b0\u1edfng cao nh\u1ea5t trong ng\u00e0nh x\u00e2y d\u1ef1ng \u1edf Trung Qu\u1ed1c, 26 gi\u1ea3i th\u01b0\u1edfng d\u1ef1 \u00e1n xu\u1ea5t s\u1eafc c\u1ea5p qu\u1ed1c gia, 7 gi\u1ea3i th\u01b0\u1edfng Zhan Tianyou , 89 gi\u1ea3i th\u01b0\u1edfng nghi\u00ean c\u1ee9u khoa h\u1ecdc c\u1ea5p qu\u1ed1c gia v\u00e0 c\u1ea5p B\u1ed9, 12 gi\u1ea3i th\u01b0\u1edfng khoa h\u1ecdc c\u1ea5p qu\u1ed1c gia v\u00e0 s\u1edf h\u1eefu 16 ph\u01b0\u01a1ng ph\u00e1p thi c\u00f4ng c\u1ea5p qu\u1ed1c gia.<\/span><\/p>\n<p><span style=\"color: #333333;\">Theo th\u00f4ng \u0111i\u1ec7p c\u1ee7a c\u00f4ng ty &#8220;Mang l\u1ea1i gi\u00e1 tr\u1ecb cho kh\u00e1ch h\u00e0ng, t\u1ea1o ra nhi\u1ec1u l\u1ee3i nhu\u1eadn cho nh\u00e0 \u0111\u1ea7u t\u01b0, t\u1ea1o th\u00eam nhi\u1ec1u c\u01a1 h\u1ed9i cho nh\u00e2n vi\u00ean, cung c\u1ea5p c\u00e1c d\u1ecbch v\u1ee5 \u0111\u1ee9ng \u0111\u1ea7u v\u1ec1 ch\u1ea5t l\u01b0\u1ee3ng cho x\u00e3 h\u1ed9i&#8221;, C\u00f4ng ty lu\u00f4n s\u1eb5n s\u00e0ng cung c\u1ea5p c\u00e1c d\u1ecbch v\u1ee5 t\u1ed1t nh\u1ea5t cho t\u1ea5t c\u1ea3 ch\u1ee7 \u0111\u1ea7u t\u01b0 v\u00e0 kh\u00e1ch h\u00e0ng.<\/span><\/p>\n<p><strong><span style=\"color: #333333;\">D\u1ef1 \u00e1n ti\u00eau bi\u1ec3u:<\/span><\/strong><b><\/b><\/p>\n<p><span style=\"color: #333333;\">Nh\u00e0 m\u00e1y N\u0103ng l\u01b0\u1ee3ng h\u1ea1t nh\u00e2n Daya Bay, Qu\u1ea3ng \u0110\u00f4ng<\/span><\/p>\n<p><span style=\"color: #333333;\">Nh\u00e0 m\u00e1y N\u0103ng l\u01b0\u1ee3ng h\u1ea1t nh\u00e2n Qu\u1ea3ng \u0110\u00f4ng Ling Ao (giai \u0111o\u1ea1n I v\u00e0 II)<\/span><\/p>\n<p><span style=\"color: #333333;\">D\u1ef1 \u00e1n Shenzhen SEG Plaza<\/span><\/p>\n<p><span style=\"color: #333333;\">Trung t\u00e2m b\u1eafn s\u00fang Olympic B\u1eafc Kinh<\/span><\/p>\n<p>Trung t\u00e2m B\u00e1o ch\u00ed Th\u1ebf v\u1eadn h\u1ed9i B\u1eafc Kinh<\/p>\n<p><span style=\"color: #333333;\">Shanghai\u00a0Wujiaochang Wanda Plaza<\/span><\/p>\n<p><span style=\"color: #333333;\">Trung t\u00e2m H\u1ed9i ngh\u1ecb &amp; Tri\u1ec3n l\u00e3m Qu\u1ed1c t\u1ebf Zhengzhou <\/span><\/p>\n<p><span style=\"color: #333333;\">Shenzhen Civic Center<\/span><\/p>\n<p><span style=\"color: #333333;\">T\u00f2a nh\u00e0 Tr\u1ee5 s\u1edf Ng\u00e2n h\u00e0ng China Development, B\u1eafc Kinh<\/span><\/p>\n<p><span style=\"color: #333333;\">Trung t\u00e2m T\u00e0i ch\u00ednh Th\u1ebf gi\u1edbi Tianjin <\/span><\/p>\n<p><span style=\"color: #333333;\">Trung t\u00e2m t\u00e0i ch\u00ednh Zhejiang Fortune <\/span><\/p>\n<p><span style=\"color: #333333;\">Kh\u00e1ch s\u1ea1n qu\u1ed1c t\u1ebf Longxi <\/span><\/p>\n<p><span style=\"color: #333333;\">Trung t\u00e2m H\u1ed9i ngh\u1ecb Tri\u1ec3n l\u00e3m Hainan <\/span><\/p>\n<p><span style=\"color: #333333;\">D\u1ef1 \u00e1n \u0111\u01b0\u1eddng Huandao, Fuzhou<\/span><\/p>\n<p><span style=\"color: #333333;\">C\u1ea7u Zhengzhou Bridge thu\u1ed9c d\u1ef1 \u00e1n Chuy\u1ec3n giao N\u01b0\u1edbc Nam-B\u1eafc<\/span><\/p>\n<p><span style=\"color: #333333;\">Nh\u00e0 m\u00e1y n\u0103ng l\u01b0\u1ee3ng h\u1ea1t nh\u00e2n Hongyanhe, Dalian<\/span><\/p>\n<p><span style=\"color: #333333;\">Nh\u00e0 m\u00e1y \u0111i\u1ec7n h\u1ea1t nh\u00e2n Lufeng Giai \u0111o\u1ea1n I <\/span><\/p>\n<p><span style=\"color: #333333;\">Nh\u00e0 m\u00e1y n\u0103ng l\u01b0\u1ee3ng h\u1ea1t nh\u00e2n Taishan, Qu\u1ea3ng \u0110\u00f4ng<\/span><\/p>\n<p><span style=\"color: #333333;\">Tr\u1ea1m n\u0103ng l\u01b0\u1ee3ng h\u1ea1t nh\u00e2n Tianwan \u1edf Giang T\u00f4<\/span><\/p>\n<p><span style=\"color: #333333;\">D\u1ef1 \u00e1n Nh\u00e0 \u1edf trung c\u1ea5p Nanjing VankeShangfang <\/span><\/p>\n<p><span style=\"color: #333333;\">Trung t\u00e2m T\u00e0i ch\u00ednh Qu\u1ed1c t\u1ebf Jiulongcang \u1edf Changsha<\/span><\/p>\n<p><span style=\"color: #333333;\">Trung t\u00e2m Th\u01b0\u01a1ng m\u1ea1i \u0110\u00f4 th\u1ecb Hanguo, Shenzhen<\/span><\/p>\n<p><span style=\"color: #333333;\">Harbin Wanda Mao<\/span><\/p>\n<p><span style=\"color: #333333;\">Khu ph\u1ee9c h\u1ee3p Ningbo ROMON Global City <\/span><\/p>\n<p><span style=\"color: #333333;\">TencentBinhaiMansion<\/span><\/p>\n<p><span style=\"color: #333333;\">Western Expo Center, Chengdu<\/span><\/p>\n<p><span style=\"color: #333333;\">T\u00f2a nh\u00e0 v\u0103n ph\u00f2ng China Radio International<\/span><\/p>\n<p><span style=\"color: #333333;\">To\u00e0 v\u0103n ph\u00f2ng C\u01a1 quan qu\u1ea3n l\u00fd thu\u1ebf Nh\u00e0 n\u01b0\u1edbc<\/span><\/p>\n<p><span style=\"color: #333333;\">Ph\u00e1t tri\u1ec3n \u0111\u00e1 phi\u1ebfn d\u1ea7u \u1edf Xinjiang<\/span><\/p>","protected":false},"excerpt":{"rendered":"<p>C\u00d4NG TY X\u00c2Y D\u1ef0NG TRUNG QU\u1ed0C T\u1ed4NG C\u1ee4C II C\u00f4ng Ty X\u00e2y D\u1ef1ng Trung Qu\u1ed1c \u00a0T\u1ed5ng C\u1ee5c 2 (sau \u0111\u00e2y g\u1ecdi t\u1eaft l\u00e0 \u201cC\u00f4ng ty\u201d), l\u00e0 c\u00f4ng ty con duy nh\u1ea5t c\u1ee7a T\u1ed5ng C\u00f4ng ty X\u00e2y d\u1ef1ng Trung Qu\u1ed1c, l\u00e0 c\u00f4ng ty x\u00e2y d\u1ef1ng tr\u1ecdng \u0111i\u1ec3m c\u00f3 quy m\u00f4 l\u1edbn, \u0111\u1ea1t Gi\u1ea5y ch\u1ee9ng nh\u1eadn N\u0103ng [&hellip;]<\/p>\n","protected":false},"author":2,"featured_media":0,"parent":107,"menu_order":0,"comment_status":"closed","ping_status":"closed","template":"","meta":{"footnotes":""},"class_list":["post-368","page","type-page","status-publish","hentry"],"yoast_head":"<!-- This site is optimized with the Yoast SEO plugin v24.7 - https:\/\/yoast.com\/wordpress\/plugins\/seo\/ -->\n<title>C\u00d4NG TY X\u00c2Y D\u1ef0NG TRUNG QU\u1ed0C T\u1ed4NG C\u1ee4C II - CSCEC SEA<\/title>\n<meta name=\"robots\" content=\"index, follow, max-snippet:-1, max-image-preview:large, max-video-preview:-1\" \/>\n<link rel=\"canonical\" href=\"https:\/\/cscec-sea.com\/about-us\/overview\/tieng-viet-china-construction-second-engineering-bureau-ltd\" \/>\n<meta property=\"og:locale\" content=\"vi_VN\" \/>\n<meta property=\"og:type\" content=\"article\" \/>\n<meta property=\"og:title\" content=\"[:en]CHINA CONSTRUCTION SECOND ENGINEERING BUREAU LTD.[:vi]C\u00d4NG TY X\u00c2Y D\u1ef0NG TRUNG QU\u1ed0C T\u1ed4NG C\u1ee4C II[:zh]\u4e2d\u5efa\u4e8c\u5c40[:] - CSCEC SEA\" \/>\n<meta property=\"og:description\" content=\"C\u00d4NG TY X\u00c2Y D\u1ef0NG TRUNG QU\u1ed0C T\u1ed4NG C\u1ee4C II C\u00f4ng Ty X\u00e2y D\u1ef1ng Trung Qu\u1ed1c \u00a0T\u1ed5ng C\u1ee5c 2 (sau \u0111\u00e2y g\u1ecdi t\u1eaft l\u00e0 \u201cC\u00f4ng ty\u201d), l\u00e0 c\u00f4ng ty con duy nh\u1ea5t c\u1ee7a T\u1ed5ng C\u00f4ng ty X\u00e2y d\u1ef1ng Trung Qu\u1ed1c, l\u00e0 c\u00f4ng ty x\u00e2y d\u1ef1ng tr\u1ecdng \u0111i\u1ec3m c\u00f3 quy m\u00f4 l\u1edbn, \u0111\u1ea1t Gi\u1ea5y ch\u1ee9ng nh\u1eadn N\u0103ng [&hellip;]\" \/>\n<meta property=\"og:url\" content=\"https:\/\/cscec-sea.com\/about-us\/overview\/tieng-viet-china-construction-second-engineering-bureau-ltd\" \/>\n<meta property=\"og:site_name\" content=\"CSCEC SEA\" \/>\n<meta property=\"article:modified_time\" content=\"2018-01-09T01:42:16+00:00\" \/>\n<meta name=\"twitter:card\" content=\"summary_large_image\" \/>\n<meta name=\"twitter:label1\" content=\"\u01af\u1edbc t\u00ednh th\u1eddi gian \u0111\u1ecdc\" \/>\n\t<meta name=\"twitter:data1\" content=\"8 ph\u00fat\" \/>\n<script type=\"application\/ld+json\" class=\"yoast-schema-graph\">{\"@context\":\"https:\/\/schema.org\",\"@graph\":[{\"@type\":\"WebPage\",\"@id\":\"https:\/\/cscec-sea.com\/about-us\/overview\/tieng-viet-china-construction-second-engineering-bureau-ltd\",\"url\":\"https:\/\/cscec-sea.com\/about-us\/overview\/tieng-viet-china-construction-second-engineering-bureau-ltd\",\"name\":\"[:en]CHINA CONSTRUCTION SECOND ENGINEERING BUREAU LTD.[:vi]C\u00d4NG TY X\u00c2Y D\u1ef0NG TRUNG QU\u1ed0C T\u1ed4NG C\u1ee4C II[:zh]\u4e2d\u5efa\u4e8c\u5c40[:] - CSCEC SEA\",\"isPartOf\":{\"@id\":\"https:\/\/cscec-sea.com\/#website\"},\"datePublished\":\"2016-12-21T15:38:07+00:00\",\"dateModified\":\"2018-01-09T01:42:16+00:00\",\"breadcrumb\":{\"@id\":\"https:\/\/cscec-sea.com\/about-us\/overview\/tieng-viet-china-construction-second-engineering-bureau-ltd#breadcrumb\"},\"inLanguage\":\"vi\",\"potentialAction\":[{\"@type\":\"ReadAction\",\"target\":[\"https:\/\/cscec-sea.com\/about-us\/overview\/tieng-viet-china-construction-second-engineering-bureau-ltd\"]}]},{\"@type\":\"BreadcrumbList\",\"@id\":\"https:\/\/cscec-sea.com\/about-us\/overview\/tieng-viet-china-construction-second-engineering-bureau-ltd#breadcrumb\",\"itemListElement\":[{\"@type\":\"ListItem\",\"position\":1,\"name\":\"Home\",\"item\":\"https:\/\/cscec-sea.com\/vi\/\"},{\"@type\":\"ListItem\",\"position\":2,\"name\":\"GI\u1edaI THI\u1ec6U\",\"item\":\"https:\/\/cscec-sea.com\/vi\/about-us\"},{\"@type\":\"ListItem\",\"position\":3,\"name\":\"T\u1ed4NG QUAN\",\"item\":\"https:\/\/cscec-sea.com\/vi\/about-us\/overview\"},{\"@type\":\"ListItem\",\"position\":4,\"name\":\"CHINA CONSTRUCTION SECOND ENGINEERING BUREAU LTD.\"}]},{\"@type\":\"WebSite\",\"@id\":\"https:\/\/cscec-sea.com\/#website\",\"url\":\"https:\/\/cscec-sea.com\/\",\"name\":\"CSCEC SEA\",\"description\":\"Integrity, Innovation, Transcendence, Win-Win\",\"potentialAction\":[{\"@type\":\"SearchAction\",\"target\":{\"@type\":\"EntryPoint\",\"urlTemplate\":\"https:\/\/cscec-sea.com\/?s={search_term_string}\"},\"query-input\":{\"@type\":\"PropertyValueSpecification\",\"valueRequired\":true,\"valueName\":\"search_term_string\"}}],\"inLanguage\":\"vi\"}]}<\/script>\n<!-- \/ Yoast SEO plugin. -->","yoast_head_json":{"title":"[:en]CHINA CONSTRUCTION SECOND ENGINEERING BUREAU LTD.[:vi]C\u00d4NG TY X\u00c2Y D\u1ef0NG TRUNG QU\u1ed0C T\u1ed4NG C\u1ee4C II[:zh]\u4e2d\u5efa\u4e8c\u5c40[:] - CSCEC SEA","robots":{"index":"index","follow":"follow","max-snippet":"max-snippet:-1","max-image-preview":"max-image-preview:large","max-video-preview":"max-video-preview:-1"},"canonical":"https:\/\/cscec-sea.com\/about-us\/overview\/tieng-viet-china-construction-second-engineering-bureau-ltd","og_locale":"vi_VN","og_type":"article","og_title":"[:en]CHINA CONSTRUCTION SECOND ENGINEERING BUREAU LTD.[:vi]C\u00d4NG TY X\u00c2Y D\u1ef0NG TRUNG QU\u1ed0C T\u1ed4NG C\u1ee4C II[:zh]\u4e2d\u5efa\u4e8c\u5c40[:] - CSCEC SEA","og_description":"C\u00d4NG TY X\u00c2Y D\u1ef0NG TRUNG QU\u1ed0C T\u1ed4NG C\u1ee4C II C\u00f4ng Ty X\u00e2y D\u1ef1ng Trung Qu\u1ed1c \u00a0T\u1ed5ng C\u1ee5c 2 (sau \u0111\u00e2y g\u1ecdi t\u1eaft l\u00e0 \u201cC\u00f4ng ty\u201d), l\u00e0 c\u00f4ng ty con duy nh\u1ea5t c\u1ee7a T\u1ed5ng C\u00f4ng ty X\u00e2y d\u1ef1ng Trung Qu\u1ed1c, l\u00e0 c\u00f4ng ty x\u00e2y d\u1ef1ng tr\u1ecdng \u0111i\u1ec3m c\u00f3 quy m\u00f4 l\u1edbn, \u0111\u1ea1t Gi\u1ea5y ch\u1ee9ng nh\u1eadn N\u0103ng [&hellip;]","og_url":"https:\/\/cscec-sea.com\/about-us\/overview\/tieng-viet-china-construction-second-engineering-bureau-ltd","og_site_name":"CSCEC SEA","article_modified_time":"2018-01-09T01:42:16+00:00","twitter_card":"summary_large_image","twitter_misc":{"\u01af\u1edbc t\u00ednh th\u1eddi gian \u0111\u1ecdc":"8 ph\u00fat"},"schema":{"@context":"https:\/\/schema.org","@graph":[{"@type":"WebPage","@id":"https:\/\/cscec-sea.com\/about-us\/overview\/tieng-viet-china-construction-second-engineering-bureau-ltd","url":"https:\/\/cscec-sea.com\/about-us\/overview\/tieng-viet-china-construction-second-engineering-bureau-ltd","name":"[:en]CHINA CONSTRUCTION SECOND ENGINEERING BUREAU LTD.[:vi]C\u00d4NG TY X\u00c2Y D\u1ef0NG TRUNG QU\u1ed0C T\u1ed4NG C\u1ee4C II[:zh]\u4e2d\u5efa\u4e8c\u5c40[:] - CSCEC SEA","isPartOf":{"@id":"https:\/\/cscec-sea.com\/#website"},"datePublished":"2016-12-21T15:38:07+00:00","dateModified":"2018-01-09T01:42:16+00:00","breadcrumb":{"@id":"https:\/\/cscec-sea.com\/about-us\/overview\/tieng-viet-china-construction-second-engineering-bureau-ltd#breadcrumb"},"inLanguage":"vi","potentialAction":[{"@type":"ReadAction","target":["https:\/\/cscec-sea.com\/about-us\/overview\/tieng-viet-china-construction-second-engineering-bureau-ltd"]}]},{"@type":"BreadcrumbList","@id":"https:\/\/cscec-sea.com\/about-us\/overview\/tieng-viet-china-construction-second-engineering-bureau-ltd#breadcrumb","itemListElement":[{"@type":"ListItem","position":1,"name":"Home","item":"https:\/\/cscec-sea.com\/vi\/"},{"@type":"ListItem","position":2,"name":"GI\u1edaI THI\u1ec6U","item":"https:\/\/cscec-sea.com\/vi\/about-us"},{"@type":"ListItem","position":3,"name":"T\u1ed4NG QUAN","item":"https:\/\/cscec-sea.com\/vi\/about-us\/overview"},{"@type":"ListItem","position":4,"name":"CHINA CONSTRUCTION SECOND ENGINEERING BUREAU LTD."}]},{"@type":"WebSite","@id":"https:\/\/cscec-sea.com\/#website","url":"https:\/\/cscec-sea.com\/","name":"CSCEC SEA","description":"Integrity, Innovation, Transcendence, Win-Win","potentialAction":[{"@type":"SearchAction","target":{"@type":"EntryPoint","urlTemplate":"https:\/\/cscec-sea.com\/?s={search_term_string}"},"query-input":{"@type":"PropertyValueSpecification","valueRequired":true,"valueName":"search_term_string"}}],"inLanguage":"vi"}]}},"_links":{"self":[{"href":"https:\/\/cscec-sea.com\/vi\/wp-json\/wp\/v2\/pages\/368","targetHints":{"allow":["GET"]}}],"collection":[{"href":"https:\/\/cscec-sea.com\/vi\/wp-json\/wp\/v2\/pages"}],"about":[{"href":"https:\/\/cscec-sea.com\/vi\/wp-json\/wp\/v2\/types\/page"}],"author":[{"embeddable":true,"href":"https:\/\/cscec-sea.com\/vi\/wp-json\/wp\/v2\/users\/2"}],"replies":[{"embeddable":true,"href":"https:\/\/cscec-sea.com\/vi\/wp-json\/wp\/v2\/comments?post=368"}],"version-history":[{"count":14,"href":"https:\/\/cscec-sea.com\/vi\/wp-json\/wp\/v2\/pages\/368\/revisions"}],"predecessor-version":[{"id":1377,"href":"https:\/\/cscec-sea.com\/vi\/wp-json\/wp\/v2\/pages\/368\/revisions\/1377"}],"up":[{"embeddable":true,"href":"https:\/\/cscec-sea.com\/vi\/wp-json\/wp\/v2\/pages\/107"}],"wp:attachment":[{"href":"https:\/\/cscec-sea.com\/vi\/wp-json\/wp\/v2\/media?parent=368"}],"curies":[{"name":"wp","href":"https:\/\/api.w.org\/{rel}","templated":true}]}}