{"id":362,"date":"2016-12-21T22:17:42","date_gmt":"2016-12-21T15:17:42","guid":{"rendered":"http:\/\/cscec-sea.com\/?page_id=362"},"modified":"2017-09-19T16:15:09","modified_gmt":"2017-09-19T09:15:09","slug":"cscec","status":"publish","type":"page","link":"https:\/\/cscec-sea.com\/vi\/about-us\/overview\/cscec","title":{"rendered":"T\u1ed4NG C\u00d4NG TY X\u00c2Y D\u1ef0NG TRUNG QU\u1ed0C"},"content":{"rendered":"<p>T\u1ed5ng C\u00f4ng ty X\u00e2y D\u1ef1ng Trung Qu\u1ed1c (Vi\u1ebft t\u1eaft: CTXD Trung Qu\u1ed1c; M\u00e3 ch\u1ee9ng kho\u00e1n: 601668), \u0111\u01b0\u1ee3c th\u00e0nh l\u1eadp v\u00e0o ng\u00e0y 10 th\u00e1ng 12 n\u0103m 2007, \u0111\u01b0\u1ee3c \u0111\u1ed3ng s\u00e1ng l\u1eadp b\u1edfi 4 c\u00f4ng ty trong c\u00e1c doanh nghi\u1ec7p trong danh s\u00e1ch Fortune Global 500: China State Construction Engineering Corp. (CSCEC), China National Petroleum Corporation (CNPC), Baosteel Group Corporation Ltd and Sinochem Corporation. C\u00f4ng ty \u0111\u00e3 ni\u00eam y\u1ebft th\u00e0nh c\u00f4ng t\u1ea1i S\u1edf giao d\u1ecbch Ch\u1ee9ng Kho\u00e1n Th\u01b0\u01a1ng H\u1ea3i v\u00e0o ng\u00e0y 29 th\u00e1ng n\u0103m 2009.<\/p>\n<p>CTXD Trung Qu\u1ed1c \u0111\u00e3 s\u1edf h\u1eefu c\u01a1 s\u1edf v\u1eadt ch\u1ea5t hi\u1ec7n \u0111\u1ea1i v\u00e0 v\u0103n h\u00f3a doanh nghi\u1ec7p l\u00e2u \u0111\u1eddi c\u1ee7a CSCEC, v\u1edbi c\u00e1c ho\u1ea1t \u0111\u1ed9ng kinh doanh bao g\u1ed3m x\u00e2y d\u1ef1ng nh\u00e0 \u1edf, thi c\u00f4ng t\u1ea7m c\u1ee1 qu\u1ed1c t\u1ebf, \u0111\u1ea7u t\u01b0 v\u00e0 ph\u00e1t tri\u1ec3n b\u1ea5t \u0111\u1ed9ng s\u1ea3n, \u0111\u1ea7u t\u01b0 v\u00e0 x\u00e2y d\u1ef1ng c\u01a1 s\u1edf h\u1ea1 t\u1ea7ng, kh\u1ea3o s\u00e1t v\u00e0 thi\u1ebft k\u1ebf.<\/p>\n<p>C\u00f4ng Ty X\u00e2y d\u1ef1ng Trung Qu\u1ed1c l\u00e0 t\u1eadp \u0111o\u00e0n x\u00e2y d\u1ef1ng v\u00e0 \u0111\u1ea7u t\u01b0 b\u1ea5t \u0111\u1ed9ng s\u1ea3n l\u1edbn nh\u1ea5t c\u1ee7a Trung Qu\u1ed1c, \u0111\u1ed3ng th\u1eddi c\u0169ng l\u00e0 nh\u00e0 th\u1ea7u x\u00e2y d\u1ef1ng l\u1edbn nh\u1ea5t c\u1ee7a Trung Qu\u1ed1c. \u0110\u00e2y l\u00e0 c\u00f4ng ty x\u00e2y d\u1ef1ng xuy\u00ean qu\u1ed1c gia l\u1edbn nh\u1ea5t \u1edf c\u00e1c n\u01b0\u1edbc \u0111ang ph\u00e1t tri\u1ec3n v\u00e0 l\u00e0 nh\u00e0 x\u00e2u d\u1ef1ng h\u00e0ng \u0111\u1ea7u tr\u00ean th\u1ebf gi\u1edbi, d\u1eabn \u0111\u1ea7u trong vi\u1ec7c kinh doanh h\u1ee3p \u0111\u1ed3ng qu\u1ed1c t\u1ebf c\u1ee7a Trung Qu\u1ed1c. C\u00f4ng ty n\u1ed5i ti\u1ebfng tr\u00ean th\u1ebf gi\u1edbi nh\u1edd th\u1ef1c hi\u1ec7n c\u00e1c d\u1ef1 \u00e1n si\u00eau cao c\u1ea5p, quy m\u00f4 l\u1edbn, ti\u00ean ti\u1ebfn v\u00e0 m\u1edbi l\u1ea1 v\u00e0 \u0111\u00e3 x\u00e2y d\u1ef1ng \u0111\u01b0\u1ee3c m\u1ed9t l\u01b0\u1ee3ng l\u1edbn c\u00e1c d\u1ef1 \u00e1n l\u1edbn t\u1ea1i Trung Qu\u1ed1c v\u00e0 tr\u00ean th\u1ebf gi\u1edbi. Ti\u00eau ch\u00ed kinh doanh v\u00e0 x\u00e2y d\u1ef1ng h\u00ecnh \u1ea3nh th\u01b0\u01a1ng hi\u1ec7u c\u1ee7a C\u00f4ng ty l\u00e0\u201cCung c\u1ea5p d\u1ecbch v\u1ee5 xu\u1ea5t s\u1eafc tr\u00ean t\u1ea5t c\u1ea3 c\u00e1c ch\u00e2u l\u1ee5c v\u1edbi ch\u1ea5t l\u01b0\u1ee3ng v\u01b0\u1ee3t tr\u1ecdi l\u00e0 \u01b0u ti\u00ean h\u00e0ng \u0111\u1ea7u\u201d \u0111\u01b0\u1ee3c c\u00f4ng nh\u1eadn v\u00e0 khen ng\u1ee3i r\u1ed9ng r\u00e3i.<\/p>\n<p>C\u00f4ng ty X\u00e2y D\u1ef1ng Trung Qu\u1ed1c l\u00e0 m\u1ed9t trong nh\u1eefng t\u1eadp \u0111o\u00e0n x\u00e2y d\u1ef1ng v\u00e0 kinh doanh b\u1ea5t \u0111\u1ed9ng s\u1ea3n \u0111a l\u0129nh v\u1ef1c \u1edf Trung Qu\u1ed1c v\u1edbi th\u1eddi gian ho\u1ea1t \u0111\u1ed9ng l\u00e2u d\u00e0i nh\u1ea5t v\u1ec1 chuy\u00ean m\u00f4n v\u00e0 qu\u1ea3n l\u00fd theo \u0111\u1ecbnh h\u01b0\u1edbng th\u1ecb tr\u01b0\u1eddng. Ch\u00fang t\u00f4i l\u00e0 doanh nghi\u1ec7p x\u00e2y d\u1ef1ng duy nh\u1ea5t \u1edf Trung Qu\u1ed1c \u0111\u01b0\u1ee3c trao 3 b\u1eb1ng ch\u1ee9ng nh\u1eadn cao nh\u1ea5t v\u1ec1 gi\u1ea3i th\u01b0\u1edfng d\u00e0nh cho nh\u00e0 th\u1ea7u cho c\u00e1c c\u00f4ng tr\u00ecnh x\u00e2y d\u1ef1ng, c\u00f4ng tr\u00ecnh c\u00f4ng c\u1ed9ng v\u00e0 c\u00f4ng tr\u00ecnh \u0111\u01b0\u1eddng cao t\u1ed1c, ngo\u00e0i c\u00e1c gi\u1ea5y ch\u1ee9ng nh\u1eadn \u201c1+4\u201d v\u00e0 gi\u1ea5y ch\u1ee9ng nh\u1eadn c\u1ea5p I v\u1ec1 thi\u1ebft k\u1ebf k\u1ef9 thu\u1eadt c\u1ee7a ng\u00e0nh x\u00e2y d\u1ef1ng.<\/p>\n<p>C\u00f4ng ty X\u00e2y D\u1ef1ng Trung Qu\u1ed1c lu\u00f4n coi vi\u1ec7c qu\u1ea3n l\u00fd khoa h\u1ecdc v\u00e0 ti\u1ebfn b\u1ed9 khoa h\u1ecdc k\u1ef9 thu\u1eadt l\u00e0 \u0111\u1ed9ng l\u1ef1c cho s\u1ef1 ph\u00e1t tri\u1ec3n b\u1ec1n v\u1eefng. \u0110\u1ebfn cu\u1ed1i n\u0103m 2013, c\u00f4ng ty \u0111\u00e3 gi\u00e0nh \u0111\u01b0\u1ee3c 60 gi\u1ea3i th\u01b0\u1edfng Ti\u1ebfn b\u1ed9 Khoa h\u1ecdc v\u00e0 C\u00f4ng ngh\u1ec7 c\u1ee7a Nh\u00e0 n\u01b0\u1edbc v\u00e0 45 gi\u1ea3i th\u01b0\u1edfng C\u00f4ng tr\u00ecnh K\u1ef9 thu\u1eadt X\u00e2y d\u1ef1ng Jeme. C\u00f4ng ty s\u1edf h\u1eefu 141 ph\u01b0\u01a1ng ph\u00e1p x\u00e2y d\u1ef1ng qu\u1ed1c gia v\u00e0 4396 b\u1eb1ng s\u00e1ng ch\u1ebf \u0111\u01b0\u1ee3c \u1ee7y quy\u1ec1n, trong \u0111\u00f3 c\u00f3 333 b\u1eb1ng \u0111\u1ed9c quy\u1ec1n s\u00e1ng ch\u1ebf. C\u00e1c th\u00e0nh t\u1ef1u \u0111\u1ea1t \u0111\u01b0\u1ee3c kh\u00e1c nh\u01b0 t\u1ed5ng h\u1ee3p 57 ti\u00eau chu\u1ea9n qu\u1ed1c gia v\u00e0 c\u00f4ng nghi\u1ec7p, t\u1ed5 ch\u1ee9c nghi\u1ec7m thu 64 d\u1ef1 \u00e1n tr\u00ecnh di\u1ec5n \u0111\u1ec3 khuy\u1ebfn kh\u00edch k\u1ef9 thu\u1eadt v\u00e0 th\u1ef1c hi\u1ec7n 108 l\u1ea7n nghi\u00ean c\u1ee9u khoa h\u1ecdc qu\u1ed1c gia \u0111\u01b0\u1ee3c nh\u00e0 n\u01b0\u1edbc h\u1ed7 tr\u1ee3 v\u1edbi kinh ph\u00ed kho\u1ea3ng 520 tri\u1ec7u NDT.<\/p>\n<p>C\u00f3 tr\u1ee5 s\u1edf \u1edf c\u1ea3 th\u1ecb tr\u01b0\u1eddng trong n\u01b0\u1edbc v\u00e0 qu\u1ed1c t\u1ebf, C\u00f4ng ty X\u00e2y d\u1ef1ng Trung Qu\u1ed1c ch\u00fang t\u00f4i ho\u1ea1t \u0111\u1ed9ng t\u1ea1i h\u01a1n 20 qu\u1ed1c gia v\u00e0 khu v\u1ef1c tr\u00ean th\u1ebf gi\u1edbi, v\u00e0 ri\u00eang t\u1ea1i Trung Qu\u1ed1c, ho\u1ea1t \u0111\u1ed9ng kinh doanh c\u1ee7a c\u00f4ng ty \u0111\u00e3 m\u1edf r\u1ed9ng kh\u1eafp l\u00e3nh th\u1ed5 ngo\u1ea1i tr\u1eeb \u00a0\u0110\u00e0i Loan. Ho\u1ea1t \u0111\u1ed9ng kinh doanh ch\u00ednh c\u1ee7a c\u00f4ng ty bao g\u1ed3m c\u00e1c l\u0129nh v\u1ef1c nh\u01b0 x\u00e2y d\u1ef1ng, thi c\u00f4ng c\u00e1c c\u00f4ng tr\u00ecnh qu\u1ed1c t\u1ebf, \u0111\u1ea7u t\u01b0 v\u00e0 ph\u00e1t tri\u1ec3n b\u1ea5t \u0111\u1ed9ng s\u1ea3n, x\u00e2y d\u1ef1ng c\u01a1 s\u1edf h\u1ea1 t\u1ea7ng, kh\u1ea3o s\u00e1t v\u00e0 thi\u1ebft k\u1ebf, t\u1ea5t c\u1ea3 \u0111\u1ec1u \u1edf v\u1ecb tr\u00ed h\u00e0ng \u0111\u1ea7u trong th\u1ecb tr\u01b0\u1eddng x\u00e2y d\u1ef1ng.<\/p>\n<p>Trong ho\u1ea1t \u0111\u1ed9ng thi c\u00f4ng c\u00f4ng tr\u00ecnh, C\u00f4ng Ty X\u00e2y D\u1ef1ng Trung Qu\u1ed1c, kh\u1eb3ng \u0111\u1ecbnh v\u1ecb tr\u00ed c\u1ee7a b\u1ea3n th\u00e2n \u1edf th\u1ecb tr\u01b0\u1eddng b\u1ea5t \u0111\u1ed9ng s\u1ea3n cao c\u1ea5p, v\u1eabn \u0111i li\u1ec1n v\u1edbi chi\u1ebfn l\u01b0\u1ee3c kinh doanh &#8220;kh\u00e1ch h\u00e0ng uy t\u00edn, th\u1ecb tr\u01b0\u1eddng \u0111\u00e1ng tin c\u1eady v\u00e0 c\u00e1c d\u1ef1 \u00e1n \u0111\u00e1ng ch\u00fa \u00fd&#8221; v\u00e0 &#8220;c\u1ea1nh tranh v\u1edbi chi ph\u00ed th\u1ea5p v\u00e0 qu\u1ea3n l\u00fd v\u1edbi ch\u1ea5t l\u01b0\u1ee3ng cao&#8221;. Th\u00f4ng qua vi\u1ec7c kh\u00f4ng ng\u1eebng khai th\u00e1c ti\u1ec1m n\u0103ng c\u1ee7a m\u00ecnh, ki\u1ec3m so\u00e1t ch\u1eb7t ch\u1ebd chi ph\u00ed s\u1ea3n xu\u1ea5t v\u00e0 ch\u1ea5t l\u01b0\u1ee3ng c\u00f4ng vi\u1ec7c v\u00e0 \u0111em \u0111\u1ebfn s\u1ef1 h\u00e0i l\u00f2ng cho kh\u00e1ch h\u00e0ng, c\u00f4ng ty cung c\u1ea5p cho kh\u00e1ch h\u00e0ng tr\u00ean kh\u1eafp th\u1ebf gi\u1edbi v\u1edbi ch\u1ea5t l\u01b0\u1ee3ng v\u00e0 d\u1ecbch v\u1ee5 ho\u00e0n h\u1ea3o theo ti\u00eau chu\u1ea9n qu\u1ed1c t\u1ebf. C\u00f4ng ty \u0111\u00e3 ho\u00e0n th\u00e0nh m\u1ed9t s\u1ed1 l\u01b0\u1ee3ng l\u1edbn c\u00e1c d\u1ef1 \u00e1n \u0111i\u1ec3n h\u00ecnh bao g\u1ed3m c\u00e1c c\u00f4ng tr\u00ecnh c\u00f4ng c\u1ed9ng, v\u0103n ph\u00f2ng, s\u00e2n bay, kh\u00e1ch s\u1ea1n, c\u00f4ng tr\u00ecnh gi\u00e1o d\u1ee5c, c\u01a1 s\u1edf th\u1ec3 thao, nh\u00e0 \u1edf, y t\u1ebf, \u0111\u1ea1i s\u1ee9 qu\u00e1n, c\u00f4ng tr\u00ecnh c\u00f4ng nghi\u1ec7p, qu\u1ed1c ph\u00f2ng v\u00e0 c\u00e1c c\u00f4ng tr\u00ecnh qu\u00e2n s\u1ef1, v.v.. Trong h\u1ee3p \u0111\u1ed3ng qu\u1ed1c t\u1ebf, C\u00f4ng ty l\u00e0 nh\u00e0 th\u1ea7u qu\u1ed1c t\u1ebf l\u1edbn nh\u1ea5t v\u00e0 c\u0169ng l\u00e0 c\u00f4ng ty \u0111\u1ea7u ti\u00ean t\u1ea1i Trung Qu\u1ed1c tri\u1ec3n khai c\u00e1c h\u1ee3p \u0111\u1ed3ng qu\u1ed1c t\u1ebf. H\u01a1n 30 n\u0103m ho\u1ea1t \u0111\u1ed9ng, t\u00ednh t\u1edbi cu\u1ed1i n\u0103m 2013, t\u1ed5ng gi\u00e1 tr\u1ecb h\u1ee3p \u0111\u1ed3ng kinh doanh \u1edf n\u01b0\u1edbc ngo\u00e0i c\u1ee7a C\u00f4ng ty l\u00e0 80,7 t\u1ef7 \u0111\u00f4 la M\u1ef9 v\u00e0 t\u1ed5ng doanh thu l\u00e0 52,4 t\u1ef7 \u0111\u00f4 la M\u1ef9. Cho \u0111\u1ebfn nay, C\u00f4ng ty X\u00e2y d\u1ef1ng Trung Qu\u1ed1c \u0111\u00e3 ho\u00e0n th\u00e0nh h\u01a1n 5.600 d\u1ef1 \u00e1n t\u1ea1i 116 qu\u1ed1c gia v\u00e0 khu v\u1ef1c tr\u00ean th\u1ebf gi\u1edbi v\u1edbi con s\u1ed1 d\u1eabn \u0111\u1ea7u \u00a0so v\u1edbi c\u00e1c nh\u00e0 th\u1ea7u Trung Qu\u1ed1c kh\u00e1c tr\u00ean th\u1ecb tr\u01b0\u1eddng qu\u1ed1c v\u1ec1 c\u1ea3 gi\u00e1 tr\u1ecb h\u1ee3p \u0111\u1ed3ng, doanh thu v\u00e0 l\u1ee3i nhu\u1eadn.<\/p>\n<p>Trong \u0111\u1ea7u t\u01b0 v\u00e0 ph\u00e1t tri\u1ec3n b\u1ea5t \u0111\u1ed9ng s\u1ea3n, China Construction l\u00e0 m\u1ed9t trong nh\u1eefng t\u1eadp \u0111o\u00e0n b\u1ea5t \u0111\u1ed9ng s\u1ea3n l\u1edbn nh\u1ea5t \u1edf Trung Qu\u1ed1c. C\u00f4ng ty s\u1edf h\u1eefu hai th\u01b0\u01a1ng hi\u1ec7u con c\u00f3 ho\u1ea1t \u0111\u1ed9ng chuy\u00ean nghi\u1ec7p v\u00e0 quan tr\u1ecdng, c\u1ee5 th\u1ec3 l\u00e0 &#8220;China Overseas Property&#8221; v\u00e0 &#8220;China Construction Property&#8221;. China Overseas Property&#8221; l\u00e0 m\u1ed9t trong nh\u1eefng nh\u00e0 \u0111\u1ea7u t\u01b0 c\u00f3 ti\u1ebfng nh\u1ea5t c\u1ee7a Trung Qu\u1ed1c, \u0111\u1ee9ng \u1edf v\u1ecb tr\u00ed h\u00e0ng \u0111\u1ea7u c\u1ee7a kinh doanh b\u1ea5t \u0111\u1ed9ng s\u1ea3n. \u201cChina Construction Property\u201d n\u1ed7 l\u1ef1c tr\u1edf th\u00e0nh m\u1ed9t trong nh\u1eefng nh\u00e0 kinh doanh nh\u00e0 \u1edf ch\u1ea5t l\u01b0\u1ee3ng h\u00e0ng \u0111\u1ea7u t\u1ea1i Trung Qu\u1ed1c v\u00e0 \u0111\u00e3 th\u00e0nh c\u00f4ng trong vi\u1ec7c k\u1ebft h\u01a1p thi c\u00f4ng x\u00e2y d\u1ef1ng v\u00e0 \u0111\u1ea7u t\u01b0 b\u1ea5t \u0111\u1ed9ng s\u1ea3n.<\/p>\n<p>Trong x\u00e2y d\u1ef1ng v\u00e0 ph\u00e1t tri\u1ec3n c\u01a1 s\u1edf h\u1ea1 t\u1ea7ng, C\u00f4ng Ty X\u00e2y D\u1ef1ng Trung Qu\u1ed1c l\u00e0 ng\u01b0\u1eddi ti\u00ean phong nh\u01b0ng c\u00f3 t\u1ed1c \u0111\u1ed9 ph\u00e1t tri\u1ec3n nhanh nh\u1ea5t. C\u00f4ng Ty \u0111\u00e3 th\u00e0nh c\u00f4ng khi m\u1ea1nh d\u1ea1n b\u01b0\u1edbc v\u00e0o th\u1ecb tr\u01b0\u1eddng \u0111\u01b0\u1eddng s\u1eaft, c\u1ea7u quy m\u00f4 si\u00eau l\u1edbn, \u0111\u01b0\u1eddng cao t\u1ed1c v\u00e0 v\u1eadn t\u1ea3i \u0111\u01b0\u1eddng s\u1eaft \u0111\u00f4 th\u1ecb. Cho \u0111\u1ebfn nay, c\u00f4ng ty \u0111\u00e3 th\u1ef1c hi\u1ec7n m\u1ed9t s\u1ed1 d\u1ef1 \u00e1n c\u01a1 s\u1edf h\u1ea1 t\u1ea7ng c\u00f3 \u1ea3nh h\u01b0\u1edfng s\u00e2u r\u1ed9ng trong v\u00e0 ngo\u00e0i n\u01b0\u1edbc bao g\u1ed3m \u0111\u01b0\u1eddng s\u1eaft, \u0111\u01b0\u1eddng cao t\u1ed1c, c\u1ea7u, \u0111\u01b0\u1eddng h\u1ea7m, s\u00e2n bay, b\u1ebfn c\u1ea3ng, nh\u00e0 m\u00e1y \u0111i\u1ec7n &#8230; Trong l\u0129nh v\u1ef1c thi\u1ebft k\u1ebf v\u00e0 kh\u1ea3o s\u00e1t, China Construction l\u00e0 m\u1ed9t trong nh\u1eefng t\u1eadp \u0111o\u00e0n l\u1edbn nh\u1ea5t tham gia thi\u1ebft k\u1ebf ki\u1ebfn tr\u00fac, quy ho\u1ea1ch \u0111\u00f4 th\u1ecb, thi\u1ebft k\u1ebf d\u1ef1 \u00e1n v\u00e0 thi\u1ebft k\u1ebf c\u00e1c c\u00f4ng tr\u00ecnh ti\u1ec7n \u00edch \u0111\u00f4 th\u1ecb. N\u0103m 2009, China Construction \u0111\u00e3 t\u00e1i c\u01a1 c\u1ea5u 7 c\u00f4ng ty con thu\u1ed9c l\u0129nh v\u1ef1 thi\u1ebft k\u1ebf kh\u1ea3o s\u00e1t h\u1ea1ng A v\u00e0 th\u00e0nh l\u1eadp T\u1eadp \u0111o\u00e0n Thi\u1ebft k\u1ebf X\u00e2y d\u1ef1ng Trung Qu\u1ed1c (C\u00f4ng Ty Thi\u1ebft K\u1ebf Trung Qu\u1ed1c). C\u00e1c c\u00f4ng ty con \u0111\u1ec1u d\u1eabn \u0111\u1ea7u ho\u1ea1t \u0111\u1ed9ng kinh doanh t\u1ea1i c\u00e1c v\u00f9ng kinh t\u1ebf tr\u1ecdng \u0111i\u1ec3m c\u1ee7a Trung Qu\u1ed1c, n\u01a1i C\u00f4ng ty ho\u1ea1t \u0111\u1ed9ng. T\u1eadp \u0111o\u00e0n Thi\u1ebft k\u1ebf X\u00e2y d\u1ef1ng Trung Qu\u1ed1c s\u1edf h\u1eefu 8.381 chuy\u00ean gia v\u1ec1 thi\u1ebft k\u1ebf ki\u1ebfn tr\u00fac, quy ho\u1ea1ch \u0111\u00f4 th\u1ecb, kh\u1ea3o s\u00e1t d\u1ef1 \u00e1n, v.v.., trong \u0111\u00f3 c\u00f3 1 nh\u00e0 nghi\u00ean c\u1ee9u, 5 th\u1ea1c s\u1ef9 nghi\u00ean c\u1ee9u v\u00e0 1,735 chuy\u00ean gia \u0111\u01b0\u1ee3c c\u1ea5p ph\u00e9p. T\u1eadp \u0111o\u00e0n \u0111\u00e3 ho\u00e0n th\u00e0nh m\u1ed9t l\u01b0\u1ee3ng l\u1edbn c\u00e1c c\u00f4ng tr\u00ecnh \u0111i\u1ec3n h\u00ecnh chuy\u00ean v\u1ec1 kh\u1ea3o s\u00e1t v\u00e0 thi\u1ebft k\u1ebf \u1edf Trung Qu\u1ed1c v\u00e0 tr\u00ean to\u00e0n th\u1ebf gi\u1edbi. \u0110\u1ebfn cu\u1ed1i n\u0103m 2013, C\u00f4ng Ty \u0111\u00e3 c\u00f3 t\u1ed5ng c\u1ed9ng 1.640 gi\u1ea3i th\u01b0\u1edfng trong ngh\u1ec1.<\/p>\n<p>&nbsp;<\/p>\n<p>TI\u00caU CH\u00cd C\u1ed0T L\u00d5I<\/p>\n<p>S\u1ee9 m\u1ec7nh c\u1ee7a c\u00f4ng ty: G\u00f3p ph\u1ea7n t\u1ea1o ra m\u1ed9t m\u00f4i tr\u01b0\u1eddng h\u1ea1nh ph\u00fac<\/p>\n<p>T\u1ea7m Nh\u00ecn Doanh nghi\u1ec7p: Tr\u1edf th\u00e0nh T\u1eadp \u0111o\u00e0n \u0110\u1ea7u t\u01b0 v\u00e0 X\u00e2y d\u1ef1ng b\u1ea5t \u0111\u1ed9ng s\u1ea3n c\u00f3 t\u00ednh c\u1ea1nh tranh n\u1ea5t tr\u00ean th\u1ecb tr\u01b0\u1eddng qu\u1ed1c t\u1ebf<\/p>\n<p>Gi\u00e1 tr\u1ecb c\u1ed1t l\u00f5i: \u0110\u1ea3m B\u1ea3o Ch\u1ea5t L\u01b0\u1ee3ng v\u00e0 S\u00e1ng T\u1ea1o Gi\u00e1 Tr\u1ecb<\/p>\n<p>Tinh th\u1ea7n doanh nghi\u1ec7p: To\u00e0n V\u1eb9n, \u0110\u1ed5i M\u1edbi, Si\u00eau Vi\u1ec7t v\u00e0 Th\u1eafng L\u1ee3i<\/p>\n<p>&nbsp;<\/p>","protected":false},"excerpt":{"rendered":"<p>T\u1ed5ng C\u00f4ng ty X\u00e2y D\u1ef1ng Trung Qu\u1ed1c (Vi\u1ebft t\u1eaft: CTXD Trung Qu\u1ed1c; M\u00e3 ch\u1ee9ng kho\u00e1n: 601668), \u0111\u01b0\u1ee3c th\u00e0nh l\u1eadp v\u00e0o ng\u00e0y 10 th\u00e1ng 12 n\u0103m 2007, \u0111\u01b0\u1ee3c \u0111\u1ed3ng s\u00e1ng l\u1eadp b\u1edfi 4 c\u00f4ng ty trong c\u00e1c doanh nghi\u1ec7p trong danh s\u00e1ch Fortune Global 500: China State Construction Engineering Corp. (CSCEC), China National Petroleum Corporation (CNPC), [&hellip;]<\/p>\n","protected":false},"author":2,"featured_media":863,"parent":107,"menu_order":0,"comment_status":"closed","ping_status":"closed","template":"","meta":{"footnotes":""},"class_list":["post-362","page","type-page","status-publish","has-post-thumbnail","hentry"],"yoast_head":"<!-- This site is optimized with the Yoast SEO plugin v24.7 - https:\/\/yoast.com\/wordpress\/plugins\/seo\/ -->\n<title>T\u1ed4NG C\u00d4NG TY X\u00c2Y D\u1ef0NG TRUNG QU\u1ed0C - CSCEC SEA<\/title>\n<meta name=\"robots\" content=\"index, follow, max-snippet:-1, max-image-preview:large, max-video-preview:-1\" \/>\n<link rel=\"canonical\" href=\"https:\/\/cscec-sea.com\/vi\/about-us\/overview\/cscec\" \/>\n<meta property=\"og:locale\" content=\"vi_VN\" \/>\n<meta property=\"og:type\" content=\"article\" \/>\n<meta property=\"og:title\" content=\"[:en]CHINA STATE CONSTRUCTION ENGINEERING CORPORATION LIMITED[:vi]T\u1ed4NG C\u00d4NG TY X\u00c2Y D\u1ef0NG TRUNG QU\u1ed0C[:zh]\u4e2d\u56fd\u5efa\u7b51\u5de5\u7a0b\u603b\u516c\u53f8[:] - CSCEC SEA\" \/>\n<meta property=\"og:description\" content=\"T\u1ed5ng C\u00f4ng ty X\u00e2y D\u1ef1ng Trung Qu\u1ed1c (Vi\u1ebft t\u1eaft: CTXD Trung Qu\u1ed1c; M\u00e3 ch\u1ee9ng kho\u00e1n: 601668), \u0111\u01b0\u1ee3c th\u00e0nh l\u1eadp v\u00e0o ng\u00e0y 10 th\u00e1ng 12 n\u0103m 2007, \u0111\u01b0\u1ee3c \u0111\u1ed3ng s\u00e1ng l\u1eadp b\u1edfi 4 c\u00f4ng ty trong c\u00e1c doanh nghi\u1ec7p trong danh s\u00e1ch Fortune Global 500: China State Construction Engineering Corp. (CSCEC), China National Petroleum Corporation (CNPC), [&hellip;]\" \/>\n<meta property=\"og:url\" content=\"https:\/\/cscec-sea.com\/vi\/about-us\/overview\/cscec\" \/>\n<meta property=\"og:site_name\" content=\"CSCEC SEA\" \/>\n<meta property=\"article:modified_time\" content=\"2017-09-19T09:15:09+00:00\" \/>\n<meta property=\"og:image\" content=\"https:\/\/cscec-sea.com\/wp-content\/uploads\/2016\/12\/CSCEC-Headquarters.jpg\" \/>\n\t<meta property=\"og:image:width\" content=\"932\" \/>\n\t<meta property=\"og:image:height\" content=\"1013\" \/>\n\t<meta property=\"og:image:type\" content=\"image\/jpeg\" \/>\n<meta name=\"twitter:card\" content=\"summary_large_image\" \/>\n<meta name=\"twitter:label1\" content=\"\u01af\u1edbc t\u00ednh th\u1eddi gian \u0111\u1ecdc\" \/>\n\t<meta name=\"twitter:data1\" content=\"15 ph\u00fat\" \/>\n<script type=\"application\/ld+json\" class=\"yoast-schema-graph\">{\"@context\":\"https:\/\/schema.org\",\"@graph\":[{\"@type\":\"WebPage\",\"@id\":\"https:\/\/cscec-sea.com\/vi\/about-us\/overview\/cscec\",\"url\":\"https:\/\/cscec-sea.com\/vi\/about-us\/overview\/cscec\",\"name\":\"[:en]CHINA STATE CONSTRUCTION ENGINEERING CORPORATION LIMITED[:vi]T\u1ed4NG C\u00d4NG TY X\u00c2Y D\u1ef0NG TRUNG QU\u1ed0C[:zh]\u4e2d\u56fd\u5efa\u7b51\u5de5\u7a0b\u603b\u516c\u53f8[:] - CSCEC SEA\",\"isPartOf\":{\"@id\":\"https:\/\/cscec-sea.com\/#website\"},\"primaryImageOfPage\":{\"@id\":\"https:\/\/cscec-sea.com\/vi\/about-us\/overview\/cscec#primaryimage\"},\"image\":{\"@id\":\"https:\/\/cscec-sea.com\/vi\/about-us\/overview\/cscec#primaryimage\"},\"thumbnailUrl\":\"https:\/\/cscec-sea.com\/wp-content\/uploads\/2016\/12\/CSCEC-Headquarters.jpg\",\"datePublished\":\"2016-12-21T15:17:42+00:00\",\"dateModified\":\"2017-09-19T09:15:09+00:00\",\"breadcrumb\":{\"@id\":\"https:\/\/cscec-sea.com\/vi\/about-us\/overview\/cscec#breadcrumb\"},\"inLanguage\":\"vi\",\"potentialAction\":[{\"@type\":\"ReadAction\",\"target\":[\"https:\/\/cscec-sea.com\/vi\/about-us\/overview\/cscec\"]}]},{\"@type\":\"ImageObject\",\"inLanguage\":\"vi\",\"@id\":\"https:\/\/cscec-sea.com\/vi\/about-us\/overview\/cscec#primaryimage\",\"url\":\"https:\/\/cscec-sea.com\/wp-content\/uploads\/2016\/12\/CSCEC-Headquarters.jpg\",\"contentUrl\":\"https:\/\/cscec-sea.com\/wp-content\/uploads\/2016\/12\/CSCEC-Headquarters.jpg\",\"width\":932,\"height\":1013},{\"@type\":\"BreadcrumbList\",\"@id\":\"https:\/\/cscec-sea.com\/vi\/about-us\/overview\/cscec#breadcrumb\",\"itemListElement\":[{\"@type\":\"ListItem\",\"position\":1,\"name\":\"Home\",\"item\":\"https:\/\/cscec-sea.com\/vi\/\"},{\"@type\":\"ListItem\",\"position\":2,\"name\":\"GI\u1edaI THI\u1ec6U\",\"item\":\"https:\/\/cscec-sea.com\/vi\/about-us\"},{\"@type\":\"ListItem\",\"position\":3,\"name\":\"T\u1ed4NG QUAN\",\"item\":\"https:\/\/cscec-sea.com\/vi\/about-us\/overview\"},{\"@type\":\"ListItem\",\"position\":4,\"name\":\"T\u1ed4NG C\u00d4NG TY X\u00c2Y D\u1ef0NG TRUNG QU\u1ed0C\"}]},{\"@type\":\"WebSite\",\"@id\":\"https:\/\/cscec-sea.com\/#website\",\"url\":\"https:\/\/cscec-sea.com\/\",\"name\":\"CSCEC SEA\",\"description\":\"Integrity, Innovation, Transcendence, Win-Win\",\"potentialAction\":[{\"@type\":\"SearchAction\",\"target\":{\"@type\":\"EntryPoint\",\"urlTemplate\":\"https:\/\/cscec-sea.com\/?s={search_term_string}\"},\"query-input\":{\"@type\":\"PropertyValueSpecification\",\"valueRequired\":true,\"valueName\":\"search_term_string\"}}],\"inLanguage\":\"vi\"}]}<\/script>\n<!-- \/ Yoast SEO plugin. -->","yoast_head_json":{"title":"[:en]CHINA STATE CONSTRUCTION ENGINEERING CORPORATION LIMITED[:vi]T\u1ed4NG C\u00d4NG TY X\u00c2Y D\u1ef0NG TRUNG QU\u1ed0C[:zh]\u4e2d\u56fd\u5efa\u7b51\u5de5\u7a0b\u603b\u516c\u53f8[:] - CSCEC SEA","robots":{"index":"index","follow":"follow","max-snippet":"max-snippet:-1","max-image-preview":"max-image-preview:large","max-video-preview":"max-video-preview:-1"},"canonical":"https:\/\/cscec-sea.com\/vi\/about-us\/overview\/cscec","og_locale":"vi_VN","og_type":"article","og_title":"[:en]CHINA STATE CONSTRUCTION ENGINEERING CORPORATION LIMITED[:vi]T\u1ed4NG C\u00d4NG TY X\u00c2Y D\u1ef0NG TRUNG QU\u1ed0C[:zh]\u4e2d\u56fd\u5efa\u7b51\u5de5\u7a0b\u603b\u516c\u53f8[:] - CSCEC SEA","og_description":"T\u1ed5ng C\u00f4ng ty X\u00e2y D\u1ef1ng Trung Qu\u1ed1c (Vi\u1ebft t\u1eaft: CTXD Trung Qu\u1ed1c; M\u00e3 ch\u1ee9ng kho\u00e1n: 601668), \u0111\u01b0\u1ee3c th\u00e0nh l\u1eadp v\u00e0o ng\u00e0y 10 th\u00e1ng 12 n\u0103m 2007, \u0111\u01b0\u1ee3c \u0111\u1ed3ng s\u00e1ng l\u1eadp b\u1edfi 4 c\u00f4ng ty trong c\u00e1c doanh nghi\u1ec7p trong danh s\u00e1ch Fortune Global 500: China State Construction Engineering Corp. (CSCEC), China National Petroleum Corporation (CNPC), [&hellip;]","og_url":"https:\/\/cscec-sea.com\/vi\/about-us\/overview\/cscec","og_site_name":"CSCEC SEA","article_modified_time":"2017-09-19T09:15:09+00:00","og_image":[{"width":932,"height":1013,"url":"https:\/\/cscec-sea.com\/wp-content\/uploads\/2016\/12\/CSCEC-Headquarters.jpg","type":"image\/jpeg"}],"twitter_card":"summary_large_image","twitter_misc":{"\u01af\u1edbc t\u00ednh th\u1eddi gian \u0111\u1ecdc":"15 ph\u00fat"},"schema":{"@context":"https:\/\/schema.org","@graph":[{"@type":"WebPage","@id":"https:\/\/cscec-sea.com\/vi\/about-us\/overview\/cscec","url":"https:\/\/cscec-sea.com\/vi\/about-us\/overview\/cscec","name":"[:en]CHINA STATE CONSTRUCTION ENGINEERING CORPORATION LIMITED[:vi]T\u1ed4NG C\u00d4NG TY X\u00c2Y D\u1ef0NG TRUNG QU\u1ed0C[:zh]\u4e2d\u56fd\u5efa\u7b51\u5de5\u7a0b\u603b\u516c\u53f8[:] - CSCEC SEA","isPartOf":{"@id":"https:\/\/cscec-sea.com\/#website"},"primaryImageOfPage":{"@id":"https:\/\/cscec-sea.com\/vi\/about-us\/overview\/cscec#primaryimage"},"image":{"@id":"https:\/\/cscec-sea.com\/vi\/about-us\/overview\/cscec#primaryimage"},"thumbnailUrl":"https:\/\/cscec-sea.com\/wp-content\/uploads\/2016\/12\/CSCEC-Headquarters.jpg","datePublished":"2016-12-21T15:17:42+00:00","dateModified":"2017-09-19T09:15:09+00:00","breadcrumb":{"@id":"https:\/\/cscec-sea.com\/vi\/about-us\/overview\/cscec#breadcrumb"},"inLanguage":"vi","potentialAction":[{"@type":"ReadAction","target":["https:\/\/cscec-sea.com\/vi\/about-us\/overview\/cscec"]}]},{"@type":"ImageObject","inLanguage":"vi","@id":"https:\/\/cscec-sea.com\/vi\/about-us\/overview\/cscec#primaryimage","url":"https:\/\/cscec-sea.com\/wp-content\/uploads\/2016\/12\/CSCEC-Headquarters.jpg","contentUrl":"https:\/\/cscec-sea.com\/wp-content\/uploads\/2016\/12\/CSCEC-Headquarters.jpg","width":932,"height":1013},{"@type":"BreadcrumbList","@id":"https:\/\/cscec-sea.com\/vi\/about-us\/overview\/cscec#breadcrumb","itemListElement":[{"@type":"ListItem","position":1,"name":"Home","item":"https:\/\/cscec-sea.com\/vi\/"},{"@type":"ListItem","position":2,"name":"GI\u1edaI THI\u1ec6U","item":"https:\/\/cscec-sea.com\/vi\/about-us"},{"@type":"ListItem","position":3,"name":"T\u1ed4NG QUAN","item":"https:\/\/cscec-sea.com\/vi\/about-us\/overview"},{"@type":"ListItem","position":4,"name":"T\u1ed4NG C\u00d4NG TY X\u00c2Y D\u1ef0NG TRUNG QU\u1ed0C"}]},{"@type":"WebSite","@id":"https:\/\/cscec-sea.com\/#website","url":"https:\/\/cscec-sea.com\/","name":"CSCEC SEA","description":"Integrity, Innovation, Transcendence, Win-Win","potentialAction":[{"@type":"SearchAction","target":{"@type":"EntryPoint","urlTemplate":"https:\/\/cscec-sea.com\/?s={search_term_string}"},"query-input":{"@type":"PropertyValueSpecification","valueRequired":true,"valueName":"search_term_string"}}],"inLanguage":"vi"}]}},"_links":{"self":[{"href":"https:\/\/cscec-sea.com\/vi\/wp-json\/wp\/v2\/pages\/362","targetHints":{"allow":["GET"]}}],"collection":[{"href":"https:\/\/cscec-sea.com\/vi\/wp-json\/wp\/v2\/pages"}],"about":[{"href":"https:\/\/cscec-sea.com\/vi\/wp-json\/wp\/v2\/types\/page"}],"author":[{"embeddable":true,"href":"https:\/\/cscec-sea.com\/vi\/wp-json\/wp\/v2\/users\/2"}],"replies":[{"embeddable":true,"href":"https:\/\/cscec-sea.com\/vi\/wp-json\/wp\/v2\/comments?post=362"}],"version-history":[{"count":7,"href":"https:\/\/cscec-sea.com\/vi\/wp-json\/wp\/v2\/pages\/362\/revisions"}],"predecessor-version":[{"id":1013,"href":"https:\/\/cscec-sea.com\/vi\/wp-json\/wp\/v2\/pages\/362\/revisions\/1013"}],"up":[{"embeddable":true,"href":"https:\/\/cscec-sea.com\/vi\/wp-json\/wp\/v2\/pages\/107"}],"wp:featuredmedia":[{"embeddable":true,"href":"https:\/\/cscec-sea.com\/vi\/wp-json\/wp\/v2\/media\/863"}],"wp:attachment":[{"href":"https:\/\/cscec-sea.com\/vi\/wp-json\/wp\/v2\/media?parent=362"}],"curies":[{"name":"wp","href":"https:\/\/api.w.org\/{rel}","templated":true}]}}