{"id":16,"date":"2016-11-15T08:34:54","date_gmt":"2016-11-15T08:34:54","guid":{"rendered":"http:\/\/cscec-sea.com\/?page_id=16"},"modified":"2018-05-31T08:40:41","modified_gmt":"2018-05-31T01:40:41","slug":"manufacture","status":"publish","type":"page","link":"https:\/\/cscec-sea.com\/vi\/manufacture","title":{"rendered":"S\u1ea2N XU\u1ea4T &#038; CH\u1ebe T\u1ea0O"},"content":{"rendered":"<p><strong>NH\u00c0 M\u00c1Y S\u1ea2N XU\u1ea4T B\u00ca T\u00d4NG LONG AN<\/strong><\/p>\n<p>T\u1ecda l\u1ea1c t\u1ea1i t\u1ec9nh Long An v\u1edbi khu s\u1ea3n xu\u1ea5t r\u1ed9ng 44,000m<sup>2<\/sup>, c\u00f4ng x\u01b0\u1edfng c\u00f3 c\u00e1c d\u00e2y chuy\u1ec1n s\u1ea3n xu\u1ea5t phong ph\u00fa, m\u1eabu m\u00e3 \u0111a d\u1ea1ng v\u1edbi c\u00e1c lo\u1ea1i c\u1ecdc c\u1eeb, c\u1ecdc \u1ed1ng. S\u1ea3n ph\u1ea9m \u0111\u01b0\u1ee3c s\u1eed d\u1ee5ng trong c\u00e1c c\u00f4ng tr\u00ecnh b\u1edd \u0111\u00ea s\u00f4ng ng\u00f2i k\u00eanh r\u1ea1ch, b\u1ebfn n\u1ed1i, c\u1ecdc m\u00f3ng, v.v\u2026<\/p>","protected":false},"excerpt":{"rendered":"<p>NH\u00c0 M\u00c1Y S\u1ea2N XU\u1ea4T B\u00ca T\u00d4NG LONG AN T\u1ecda l\u1ea1c t\u1ea1i t\u1ec9nh Long An v\u1edbi khu s\u1ea3n xu\u1ea5t r\u1ed9ng 44,000m2, c\u00f4ng x\u01b0\u1edfng c\u00f3 c\u00e1c d\u00e2y chuy\u1ec1n s\u1ea3n xu\u1ea5t phong ph\u00fa, m\u1eabu m\u00e3 \u0111a d\u1ea1ng v\u1edbi c\u00e1c lo\u1ea1i c\u1ecdc c\u1eeb, c\u1ecdc \u1ed1ng. S\u1ea3n ph\u1ea9m \u0111\u01b0\u1ee3c s\u1eed d\u1ee5ng trong c\u00e1c c\u00f4ng tr\u00ecnh b\u1edd \u0111\u00ea s\u00f4ng ng\u00f2i k\u00eanh [&hellip;]<\/p>\n","protected":false},"author":1,"featured_media":578,"parent":0,"menu_order":0,"comment_status":"closed","ping_status":"closed","template":"","meta":{"footnotes":""},"class_list":["post-16","page","type-page","status-publish","has-post-thumbnail","hentry"],"yoast_head":"<!-- This site is optimized with the Yoast SEO plugin v24.7 - https:\/\/yoast.com\/wordpress\/plugins\/seo\/ -->\n<title>S\u1ea2N XU\u1ea4T &amp; CH\u1ebe T\u1ea0O - CSCEC SEA<\/title>\n<meta name=\"robots\" content=\"index, follow, max-snippet:-1, max-image-preview:large, max-video-preview:-1\" \/>\n<link rel=\"canonical\" href=\"https:\/\/cscec-sea.com\/manufacture\" \/>\n<meta property=\"og:locale\" content=\"vi_VN\" \/>\n<meta property=\"og:type\" content=\"article\" \/>\n<meta property=\"og:title\" content=\"[:en]MANUFACTURE[:vi]S\u1ea2N XU\u1ea4T &amp; CH\u1ebe T\u1ea0O[:zh]\u751f\u4ea7\u5236\u9020[:] - CSCEC SEA\" \/>\n<meta property=\"og:description\" content=\"NH\u00c0 M\u00c1Y S\u1ea2N XU\u1ea4T B\u00ca T\u00d4NG LONG AN T\u1ecda l\u1ea1c t\u1ea1i t\u1ec9nh Long An v\u1edbi khu s\u1ea3n xu\u1ea5t r\u1ed9ng 44,000m2, c\u00f4ng x\u01b0\u1edfng c\u00f3 c\u00e1c d\u00e2y chuy\u1ec1n s\u1ea3n xu\u1ea5t phong ph\u00fa, m\u1eabu m\u00e3 \u0111a d\u1ea1ng v\u1edbi c\u00e1c lo\u1ea1i c\u1ecdc c\u1eeb, c\u1ecdc \u1ed1ng. S\u1ea3n ph\u1ea9m \u0111\u01b0\u1ee3c s\u1eed d\u1ee5ng trong c\u00e1c c\u00f4ng tr\u00ecnh b\u1edd \u0111\u00ea s\u00f4ng ng\u00f2i k\u00eanh [&hellip;]\" \/>\n<meta property=\"og:url\" content=\"https:\/\/cscec-sea.com\/manufacture\" \/>\n<meta property=\"og:site_name\" content=\"CSCEC SEA\" \/>\n<meta property=\"article:modified_time\" content=\"2018-05-31T01:40:41+00:00\" \/>\n<meta property=\"og:image\" content=\"https:\/\/cscec-sea.com\/wp-content\/uploads\/2016\/11\/\u91c7\u752801.jpg\" \/>\n\t<meta property=\"og:image:width\" content=\"972\" \/>\n\t<meta property=\"og:image:height\" content=\"819\" \/>\n\t<meta property=\"og:image:type\" content=\"image\/jpeg\" \/>\n<meta name=\"twitter:card\" content=\"summary_large_image\" \/>\n<meta name=\"twitter:label1\" content=\"\u01af\u1edbc t\u00ednh th\u1eddi gian \u0111\u1ecdc\" \/>\n\t<meta name=\"twitter:data1\" content=\"1 ph\u00fat\" \/>\n<script type=\"application\/ld+json\" class=\"yoast-schema-graph\">{\"@context\":\"https:\/\/schema.org\",\"@graph\":[{\"@type\":\"WebPage\",\"@id\":\"https:\/\/cscec-sea.com\/manufacture\",\"url\":\"https:\/\/cscec-sea.com\/manufacture\",\"name\":\"[:en]MANUFACTURE[:vi]S\u1ea2N XU\u1ea4T & CH\u1ebe T\u1ea0O[:zh]\u751f\u4ea7\u5236\u9020[:] - CSCEC SEA\",\"isPartOf\":{\"@id\":\"https:\/\/cscec-sea.com\/#website\"},\"primaryImageOfPage\":{\"@id\":\"https:\/\/cscec-sea.com\/manufacture#primaryimage\"},\"image\":{\"@id\":\"https:\/\/cscec-sea.com\/manufacture#primaryimage\"},\"thumbnailUrl\":\"https:\/\/cscec-sea.com\/wp-content\/uploads\/2016\/11\/\u91c7\u752801.jpg\",\"datePublished\":\"2016-11-15T08:34:54+00:00\",\"dateModified\":\"2018-05-31T01:40:41+00:00\",\"breadcrumb\":{\"@id\":\"https:\/\/cscec-sea.com\/manufacture#breadcrumb\"},\"inLanguage\":\"vi\",\"potentialAction\":[{\"@type\":\"ReadAction\",\"target\":[\"https:\/\/cscec-sea.com\/manufacture\"]}]},{\"@type\":\"ImageObject\",\"inLanguage\":\"vi\",\"@id\":\"https:\/\/cscec-sea.com\/manufacture#primaryimage\",\"url\":\"https:\/\/cscec-sea.com\/wp-content\/uploads\/2016\/11\/\u91c7\u752801.jpg\",\"contentUrl\":\"https:\/\/cscec-sea.com\/wp-content\/uploads\/2016\/11\/\u91c7\u752801.jpg\",\"width\":972,\"height\":819},{\"@type\":\"BreadcrumbList\",\"@id\":\"https:\/\/cscec-sea.com\/manufacture#breadcrumb\",\"itemListElement\":[{\"@type\":\"ListItem\",\"position\":1,\"name\":\"Home\",\"item\":\"https:\/\/cscec-sea.com\/vi\/\"},{\"@type\":\"ListItem\",\"position\":2,\"name\":\"MANUFACTURE\"}]},{\"@type\":\"WebSite\",\"@id\":\"https:\/\/cscec-sea.com\/#website\",\"url\":\"https:\/\/cscec-sea.com\/\",\"name\":\"CSCEC SEA\",\"description\":\"Integrity, Innovation, Transcendence, Win-Win\",\"potentialAction\":[{\"@type\":\"SearchAction\",\"target\":{\"@type\":\"EntryPoint\",\"urlTemplate\":\"https:\/\/cscec-sea.com\/?s={search_term_string}\"},\"query-input\":{\"@type\":\"PropertyValueSpecification\",\"valueRequired\":true,\"valueName\":\"search_term_string\"}}],\"inLanguage\":\"vi\"}]}<\/script>\n<!-- \/ Yoast SEO plugin. -->","yoast_head_json":{"title":"[:en]MANUFACTURE[:vi]S\u1ea2N XU\u1ea4T & CH\u1ebe T\u1ea0O[:zh]\u751f\u4ea7\u5236\u9020[:] - CSCEC SEA","robots":{"index":"index","follow":"follow","max-snippet":"max-snippet:-1","max-image-preview":"max-image-preview:large","max-video-preview":"max-video-preview:-1"},"canonical":"https:\/\/cscec-sea.com\/manufacture","og_locale":"vi_VN","og_type":"article","og_title":"[:en]MANUFACTURE[:vi]S\u1ea2N XU\u1ea4T & CH\u1ebe T\u1ea0O[:zh]\u751f\u4ea7\u5236\u9020[:] - CSCEC SEA","og_description":"NH\u00c0 M\u00c1Y S\u1ea2N XU\u1ea4T B\u00ca T\u00d4NG LONG AN T\u1ecda l\u1ea1c t\u1ea1i t\u1ec9nh Long An v\u1edbi khu s\u1ea3n xu\u1ea5t r\u1ed9ng 44,000m2, c\u00f4ng x\u01b0\u1edfng c\u00f3 c\u00e1c d\u00e2y chuy\u1ec1n s\u1ea3n xu\u1ea5t phong ph\u00fa, m\u1eabu m\u00e3 \u0111a d\u1ea1ng v\u1edbi c\u00e1c lo\u1ea1i c\u1ecdc c\u1eeb, c\u1ecdc \u1ed1ng. S\u1ea3n ph\u1ea9m \u0111\u01b0\u1ee3c s\u1eed d\u1ee5ng trong c\u00e1c c\u00f4ng tr\u00ecnh b\u1edd \u0111\u00ea s\u00f4ng ng\u00f2i k\u00eanh [&hellip;]","og_url":"https:\/\/cscec-sea.com\/manufacture","og_site_name":"CSCEC SEA","article_modified_time":"2018-05-31T01:40:41+00:00","og_image":[{"width":972,"height":819,"url":"https:\/\/cscec-sea.com\/wp-content\/uploads\/2016\/11\/\u91c7\u752801.jpg","type":"image\/jpeg"}],"twitter_card":"summary_large_image","twitter_misc":{"\u01af\u1edbc t\u00ednh th\u1eddi gian \u0111\u1ecdc":"1 ph\u00fat"},"schema":{"@context":"https:\/\/schema.org","@graph":[{"@type":"WebPage","@id":"https:\/\/cscec-sea.com\/manufacture","url":"https:\/\/cscec-sea.com\/manufacture","name":"[:en]MANUFACTURE[:vi]S\u1ea2N XU\u1ea4T & CH\u1ebe T\u1ea0O[:zh]\u751f\u4ea7\u5236\u9020[:] - CSCEC SEA","isPartOf":{"@id":"https:\/\/cscec-sea.com\/#website"},"primaryImageOfPage":{"@id":"https:\/\/cscec-sea.com\/manufacture#primaryimage"},"image":{"@id":"https:\/\/cscec-sea.com\/manufacture#primaryimage"},"thumbnailUrl":"https:\/\/cscec-sea.com\/wp-content\/uploads\/2016\/11\/\u91c7\u752801.jpg","datePublished":"2016-11-15T08:34:54+00:00","dateModified":"2018-05-31T01:40:41+00:00","breadcrumb":{"@id":"https:\/\/cscec-sea.com\/manufacture#breadcrumb"},"inLanguage":"vi","potentialAction":[{"@type":"ReadAction","target":["https:\/\/cscec-sea.com\/manufacture"]}]},{"@type":"ImageObject","inLanguage":"vi","@id":"https:\/\/cscec-sea.com\/manufacture#primaryimage","url":"https:\/\/cscec-sea.com\/wp-content\/uploads\/2016\/11\/\u91c7\u752801.jpg","contentUrl":"https:\/\/cscec-sea.com\/wp-content\/uploads\/2016\/11\/\u91c7\u752801.jpg","width":972,"height":819},{"@type":"BreadcrumbList","@id":"https:\/\/cscec-sea.com\/manufacture#breadcrumb","itemListElement":[{"@type":"ListItem","position":1,"name":"Home","item":"https:\/\/cscec-sea.com\/vi\/"},{"@type":"ListItem","position":2,"name":"MANUFACTURE"}]},{"@type":"WebSite","@id":"https:\/\/cscec-sea.com\/#website","url":"https:\/\/cscec-sea.com\/","name":"CSCEC SEA","description":"Integrity, Innovation, Transcendence, Win-Win","potentialAction":[{"@type":"SearchAction","target":{"@type":"EntryPoint","urlTemplate":"https:\/\/cscec-sea.com\/?s={search_term_string}"},"query-input":{"@type":"PropertyValueSpecification","valueRequired":true,"valueName":"search_term_string"}}],"inLanguage":"vi"}]}},"_links":{"self":[{"href":"https:\/\/cscec-sea.com\/vi\/wp-json\/wp\/v2\/pages\/16","targetHints":{"allow":["GET"]}}],"collection":[{"href":"https:\/\/cscec-sea.com\/vi\/wp-json\/wp\/v2\/pages"}],"about":[{"href":"https:\/\/cscec-sea.com\/vi\/wp-json\/wp\/v2\/types\/page"}],"author":[{"embeddable":true,"href":"https:\/\/cscec-sea.com\/vi\/wp-json\/wp\/v2\/users\/1"}],"replies":[{"embeddable":true,"href":"https:\/\/cscec-sea.com\/vi\/wp-json\/wp\/v2\/comments?post=16"}],"version-history":[{"count":6,"href":"https:\/\/cscec-sea.com\/vi\/wp-json\/wp\/v2\/pages\/16\/revisions"}],"predecessor-version":[{"id":582,"href":"https:\/\/cscec-sea.com\/vi\/wp-json\/wp\/v2\/pages\/16\/revisions\/582"}],"wp:featuredmedia":[{"embeddable":true,"href":"https:\/\/cscec-sea.com\/vi\/wp-json\/wp\/v2\/media\/578"}],"wp:attachment":[{"href":"https:\/\/cscec-sea.com\/vi\/wp-json\/wp\/v2\/media?parent=16"}],"curies":[{"name":"wp","href":"https:\/\/api.w.org\/{rel}","templated":true}]}}