{"id":120,"date":"2016-11-18T09:45:20","date_gmt":"2016-11-18T02:45:20","guid":{"rendered":"http:\/\/cscec-sea.com\/?page_id=120"},"modified":"2018-01-11T14:46:59","modified_gmt":"2018-01-11T07:46:59","slug":"human-resource-policy","status":"publish","type":"page","link":"https:\/\/cscec-sea.com\/vi\/about-us\/human-resource-policy","title":{"rendered":"NH\u00c2N S\u1ef0"},"content":{"rendered":"<p>Trong c\u00f4ng cu\u1ed9c theo \u0111u\u1ed5i s\u1ef1 chuy\u00ean nghi\u1ec7p, C\u00f4ng ty \u0111\u00e3 thu h\u00fat r\u1ea5t nhi\u1ec1u nh\u00e2n t\u00e0i, \u01b0u t\u00fa trong v\u00e0 ngo\u00e0i n\u01b0\u1edbc. Th\u00f4ng qua vi\u1ec7c n\u1ed9i \u0111\u1ecba h\u00f3a v\u00e0 to\u00e0n c\u1ea7u h\u00f3a ngu\u1ed3n nh\u00e2n s\u1ef1, c\u00f4ng ty ch\u00fang t\u00f4i lu\u00f4n ph\u00e1t tri\u1ec3n ngu\u1ed3n nh\u00e2n l\u1ef1c c\u0169ng nh\u01b0 t\u1ea1o ra v\u0103n ho\u00e1 c\u00f4ng ty \u0111a d\u1ea1ng v\u00e0 h\u00e0i h\u00f2a \u0111\u1ec3 cho c\u00f4ng ty c\u00f9ng v\u1edbi nh\u00e2n vi\u00ean c\u00f3 th\u1ec3 kh\u00f4ng ng\u1eebng \u0111i l\u00ean. C\u00f4ng ty th\u1ef1c hi\u1ec7n chi\u1ebfn l\u01b0\u1ee3c t\u00ecm ki\u1ebfm nh\u00e2n t\u00e0i th\u00f4ng qua c\u00e1c k\u1ef9 n\u0103ng &#8220;chuy\u00ean m\u00f4n h\u00f3a, chuy\u00ean nghi\u1ec7p h\u00f3a v\u00e0 qu\u1ed1c t\u1ebf h\u00f3a&#8221; v\u00e0 n\u1ed7 l\u1ef1c x\u00e2y d\u1ef1ng \u0111\u1ed9i ng\u0169 nh\u00e2n vi\u00ean v\u1edbi &#8220;B\u1ed1n h\u1ea1ng nh\u1ea5t&#8221; (chuy\u00ean nghi\u1ec7p nh\u1ea5t, k\u1ef9 n\u0103ng t\u1ed1t nh\u1ea5t, phong c\u00e1ch l\u00e0m vi\u1ec7c cao nh\u1ea5t v\u00e0 hi\u1ec7u su\u1ea5t nh\u1ea5t). C\u00f4ng ty ch\u00fang t\u00f4i \u0111ang c\u1ed1 g\u1eafng tr\u1edf th\u00e0nh nh\u00e0 \u0111\u1ea1i di\u1ec7n Trung Qu\u1ed1c v\u1ec1 ki\u1ebfn tr\u00fac n\u01b0\u1edbc ngo\u00e0i v\u00e0 nh\u00e0 \u0111\u00e0o t\u1ea1o nh\u00e2n t\u00e0i \u01b0u t\u00fa trong ng\u00e0nh b\u1ea5t \u0111\u1ed9ng s\u1ea3n c\u0169ng nh\u01b0 n\u1ed7 l\u1ef1c \u0111\u1ec3 tr\u1edf th\u00e0nh n\u1ec1n t\u1ea3ng t\u1ee5 h\u1ee3p c\u00e1c nh\u00e2n t\u00e0i \u01b0u t\u00fa c\u1ee7a n\u1ec1n c\u00f4ng nghi\u1ec7p v\u00e0 nh\u00e0 l\u00e3nh \u0111\u1ea1o t\u00e0i n\u0103ng c\u1ee7a doanh nghi\u1ec7p.<\/p>\n<p>C\u00e1c nguy\u00ean t\u1eafc c\u01a1 b\u1ea3n c\u1ee7a qu\u1ea3n l\u00fd ngu\u1ed3n nh\u00e2n l\u1ef1c: L\u1ea5y ng\u01b0\u1eddi l\u00e0m tr\u1ecdng, gi\u00e1 tr\u1ecb s\u00e1ng t\u1ea1o, ch\u00fa tr\u1ecdng c\u00e1 nh\u00e2n v\u00e0 ph\u00e1t tri\u1ec3n khoa h\u1ecdc.<\/p>\n<ul>\n<li>L\u1ea5y ng\u01b0\u1eddi l\u00e0m tr\u1ecdng: X\u00e2y d\u1ef1ng s\u1ef1 b\u00ecnh \u0111\u1eb3ng, t\u00f4n tr\u1ecdng m\u00f4i tr\u01b0\u1eddng l\u00e0m vi\u1ec7c c\u1ee7a t\u1ed5 ch\u1ee9c, t\u00f4n tr\u1ecdng, quan t\u00e2m \u0111\u1ebfn nh\u00e2n vi\u00ean, t\u1ea1o ra n\u1ec1n t\u1ea3ng ph\u00e1t tri\u1ec3n ngu\u1ed3n nh\u00e2n l\u1ef1c d\u1ef1a v\u00e0o c\u00e1c nhu c\u1ea7u c\u1ee7a m\u1ed7i c\u00e1 nh\u00e2n v\u00ec nh\u00e2n vi\u00ean \u01b0u t\u00fa ch\u00ednh l\u00e0 ngu\u1ed3n \u201cv\u1ed1n\u201d qu\u00fd b\u00e1u nh\u1ea5t c\u1ee7a c\u00f4ng ty.<\/li>\n<li>Gi\u00e1 tr\u1ecb s\u00e1ng t\u1ea1o: \u0110\u1ed1i v\u1edbi m\u1ee5c ti\u00eau t\u1ea1o d\u1ef1ng gi\u00e1 tr\u1ecb t\u1ed1t nh\u1ea5t, b\u1eb1ng c\u00e1ch n\u00e2ng cao gi\u00e1 tr\u1ecb c\u00e1 nh\u00e2n v\u00e0 t\u1eadp th\u1ec3, s\u1ef1 ph\u00e1t tri\u1ec3n chung c\u1ee7a ng\u01b0\u1eddi lao \u0111\u1ed9ng v\u00e0 doanh nghi\u1ec7p s\u1ebd \u0111\u1ea1t m\u1ee9c cao.<\/li>\n<li>Ch\u00fa tr\u1ecdng c\u00e1 nh\u00e2n: Quan t\u00e2m \u0111\u1ebfn m\u1ed7i nh\u00e2n vi\u00ean, s\u1eed d\u1ee5ng c\u00e1c ph\u01b0\u01a1ng ph\u00e1p khoa h\u1ecdc gi\u00fap cho nh\u00e2n vi\u00ean ph\u00e1t tri\u1ec3n nhanh ch\u00f3ng \u0111\u1ec3 nh\u00e2n vi\u00ean v\u00e0 doanh nghi\u1ec7p c\u00f3 th\u1ec3 c\u00f9ng nhau ph\u00e1t tri\u1ec3n.<\/li>\n<li>Ph\u00e1t tri\u1ec3n khoa h\u1ecdc: Qu\u1ea3n l\u00fd ngu\u1ed3n nh\u00e2n l\u1ef1c tr\u1edf th\u00e0nh b\u1ed9 ph\u1eadn kh\u00f4ng th\u1ec3 thi\u1ebfu trong h\u1ec7 th\u1ed1ng \u0111\u1ea3m b\u1ea3o chi\u1ebfn l\u01b0\u1ee3c. V\u00ec v\u1eady, th\u00fac \u0111\u1ea9y n\u00e2ng cao th\u1ed1ng nh\u1ea5t t\u00ednh chuy\u00ean nghi\u1ec7p, t\u00ednh khoa h\u1ecdc v\u00e0 t\u00ednh cao c\u1ea5p c\u1ee7a h\u1ec7 th\u1ed1ng l\u00e0 r\u1ea5t c\u1ea7n thi\u1ebft.<\/li>\n<\/ul>\n<p><\/p>","protected":false},"excerpt":{"rendered":"<p>Trong c\u00f4ng cu\u1ed9c theo \u0111u\u1ed5i s\u1ef1 chuy\u00ean nghi\u1ec7p, C\u00f4ng ty \u0111\u00e3 thu h\u00fat r\u1ea5t nhi\u1ec1u nh\u00e2n t\u00e0i, \u01b0u t\u00fa trong v\u00e0 ngo\u00e0i n\u01b0\u1edbc. Th\u00f4ng qua vi\u1ec7c n\u1ed9i \u0111\u1ecba h\u00f3a v\u00e0 to\u00e0n c\u1ea7u h\u00f3a ngu\u1ed3n nh\u00e2n s\u1ef1, c\u00f4ng ty ch\u00fang t\u00f4i lu\u00f4n ph\u00e1t tri\u1ec3n ngu\u1ed3n nh\u00e2n l\u1ef1c c\u0169ng nh\u01b0 t\u1ea1o ra v\u0103n ho\u00e1 c\u00f4ng ty \u0111a [&hellip;]<\/p>\n","protected":false},"author":1,"featured_media":0,"parent":8,"menu_order":0,"comment_status":"closed","ping_status":"closed","template":"","meta":{"footnotes":""},"class_list":["post-120","page","type-page","status-publish","hentry"],"yoast_head":"<!-- This site is optimized with the Yoast SEO plugin v24.7 - https:\/\/yoast.com\/wordpress\/plugins\/seo\/ -->\n<title>NH\u00c2N S\u1ef0 - CSCEC SEA<\/title>\n<meta name=\"robots\" content=\"index, follow, max-snippet:-1, max-image-preview:large, max-video-preview:-1\" \/>\n<link rel=\"canonical\" href=\"https:\/\/cscec-sea.com\/about-us\/human-resource-policy\" \/>\n<meta property=\"og:locale\" content=\"vi_VN\" \/>\n<meta property=\"og:type\" content=\"article\" \/>\n<meta property=\"og:title\" content=\"[:en]HUMAN RESOURCE[:vi]NH\u00c2N S\u1ef0[:zh]\u4eba\u529b\u8d44\u6e90[:] - CSCEC SEA\" \/>\n<meta property=\"og:description\" content=\"Trong c\u00f4ng cu\u1ed9c theo \u0111u\u1ed5i s\u1ef1 chuy\u00ean nghi\u1ec7p, C\u00f4ng ty \u0111\u00e3 thu h\u00fat r\u1ea5t nhi\u1ec1u nh\u00e2n t\u00e0i, \u01b0u t\u00fa trong v\u00e0 ngo\u00e0i n\u01b0\u1edbc. Th\u00f4ng qua vi\u1ec7c n\u1ed9i \u0111\u1ecba h\u00f3a v\u00e0 to\u00e0n c\u1ea7u h\u00f3a ngu\u1ed3n nh\u00e2n s\u1ef1, c\u00f4ng ty ch\u00fang t\u00f4i lu\u00f4n ph\u00e1t tri\u1ec3n ngu\u1ed3n nh\u00e2n l\u1ef1c c\u0169ng nh\u01b0 t\u1ea1o ra v\u0103n ho\u00e1 c\u00f4ng ty \u0111a [&hellip;]\" \/>\n<meta property=\"og:url\" content=\"https:\/\/cscec-sea.com\/about-us\/human-resource-policy\" \/>\n<meta property=\"og:site_name\" content=\"CSCEC SEA\" \/>\n<meta property=\"article:modified_time\" content=\"2018-01-11T07:46:59+00:00\" \/>\n<meta property=\"og:image\" content=\"http:\/\/cscec-sea.com\/wp-content\/uploads\/2016\/11\/Human-resource-1.jpg\" \/>\n<meta name=\"twitter:card\" content=\"summary_large_image\" \/>\n<meta name=\"twitter:label1\" content=\"\u01af\u1edbc t\u00ednh th\u1eddi gian \u0111\u1ecdc\" \/>\n\t<meta name=\"twitter:data1\" content=\"5 ph\u00fat\" \/>\n<script type=\"application\/ld+json\" class=\"yoast-schema-graph\">{\"@context\":\"https:\/\/schema.org\",\"@graph\":[{\"@type\":\"WebPage\",\"@id\":\"https:\/\/cscec-sea.com\/about-us\/human-resource-policy\",\"url\":\"https:\/\/cscec-sea.com\/about-us\/human-resource-policy\",\"name\":\"[:en]HUMAN RESOURCE[:vi]NH\u00c2N S\u1ef0[:zh]\u4eba\u529b\u8d44\u6e90[:] - CSCEC SEA\",\"isPartOf\":{\"@id\":\"https:\/\/cscec-sea.com\/#website\"},\"primaryImageOfPage\":{\"@id\":\"https:\/\/cscec-sea.com\/about-us\/human-resource-policy#primaryimage\"},\"image\":{\"@id\":\"https:\/\/cscec-sea.com\/about-us\/human-resource-policy#primaryimage\"},\"thumbnailUrl\":\"http:\/\/cscec-sea.com\/wp-content\/uploads\/2016\/11\/Human-resource-1.jpg\",\"datePublished\":\"2016-11-18T02:45:20+00:00\",\"dateModified\":\"2018-01-11T07:46:59+00:00\",\"breadcrumb\":{\"@id\":\"https:\/\/cscec-sea.com\/about-us\/human-resource-policy#breadcrumb\"},\"inLanguage\":\"vi\",\"potentialAction\":[{\"@type\":\"ReadAction\",\"target\":[\"https:\/\/cscec-sea.com\/about-us\/human-resource-policy\"]}]},{\"@type\":\"ImageObject\",\"inLanguage\":\"vi\",\"@id\":\"https:\/\/cscec-sea.com\/about-us\/human-resource-policy#primaryimage\",\"url\":\"http:\/\/cscec-sea.com\/wp-content\/uploads\/2016\/11\/Human-resource-1.jpg\",\"contentUrl\":\"http:\/\/cscec-sea.com\/wp-content\/uploads\/2016\/11\/Human-resource-1.jpg\"},{\"@type\":\"BreadcrumbList\",\"@id\":\"https:\/\/cscec-sea.com\/about-us\/human-resource-policy#breadcrumb\",\"itemListElement\":[{\"@type\":\"ListItem\",\"position\":1,\"name\":\"Home\",\"item\":\"https:\/\/cscec-sea.com\/vi\/\"},{\"@type\":\"ListItem\",\"position\":2,\"name\":\"GI\u1edaI THI\u1ec6U\",\"item\":\"https:\/\/cscec-sea.com\/vi\/about-us\"},{\"@type\":\"ListItem\",\"position\":3,\"name\":\"HUMAN RESOURCE\"}]},{\"@type\":\"WebSite\",\"@id\":\"https:\/\/cscec-sea.com\/#website\",\"url\":\"https:\/\/cscec-sea.com\/\",\"name\":\"CSCEC SEA\",\"description\":\"Integrity, Innovation, Transcendence, Win-Win\",\"potentialAction\":[{\"@type\":\"SearchAction\",\"target\":{\"@type\":\"EntryPoint\",\"urlTemplate\":\"https:\/\/cscec-sea.com\/?s={search_term_string}\"},\"query-input\":{\"@type\":\"PropertyValueSpecification\",\"valueRequired\":true,\"valueName\":\"search_term_string\"}}],\"inLanguage\":\"vi\"}]}<\/script>\n<!-- \/ Yoast SEO plugin. -->","yoast_head_json":{"title":"[:en]HUMAN RESOURCE[:vi]NH\u00c2N S\u1ef0[:zh]\u4eba\u529b\u8d44\u6e90[:] - CSCEC SEA","robots":{"index":"index","follow":"follow","max-snippet":"max-snippet:-1","max-image-preview":"max-image-preview:large","max-video-preview":"max-video-preview:-1"},"canonical":"https:\/\/cscec-sea.com\/about-us\/human-resource-policy","og_locale":"vi_VN","og_type":"article","og_title":"[:en]HUMAN RESOURCE[:vi]NH\u00c2N S\u1ef0[:zh]\u4eba\u529b\u8d44\u6e90[:] - CSCEC SEA","og_description":"Trong c\u00f4ng cu\u1ed9c theo \u0111u\u1ed5i s\u1ef1 chuy\u00ean nghi\u1ec7p, C\u00f4ng ty \u0111\u00e3 thu h\u00fat r\u1ea5t nhi\u1ec1u nh\u00e2n t\u00e0i, \u01b0u t\u00fa trong v\u00e0 ngo\u00e0i n\u01b0\u1edbc. Th\u00f4ng qua vi\u1ec7c n\u1ed9i \u0111\u1ecba h\u00f3a v\u00e0 to\u00e0n c\u1ea7u h\u00f3a ngu\u1ed3n nh\u00e2n s\u1ef1, c\u00f4ng ty ch\u00fang t\u00f4i lu\u00f4n ph\u00e1t tri\u1ec3n ngu\u1ed3n nh\u00e2n l\u1ef1c c\u0169ng nh\u01b0 t\u1ea1o ra v\u0103n ho\u00e1 c\u00f4ng ty \u0111a [&hellip;]","og_url":"https:\/\/cscec-sea.com\/about-us\/human-resource-policy","og_site_name":"CSCEC SEA","article_modified_time":"2018-01-11T07:46:59+00:00","og_image":[{"url":"http:\/\/cscec-sea.com\/wp-content\/uploads\/2016\/11\/Human-resource-1.jpg","type":"","width":"","height":""}],"twitter_card":"summary_large_image","twitter_misc":{"\u01af\u1edbc t\u00ednh th\u1eddi gian \u0111\u1ecdc":"5 ph\u00fat"},"schema":{"@context":"https:\/\/schema.org","@graph":[{"@type":"WebPage","@id":"https:\/\/cscec-sea.com\/about-us\/human-resource-policy","url":"https:\/\/cscec-sea.com\/about-us\/human-resource-policy","name":"[:en]HUMAN RESOURCE[:vi]NH\u00c2N S\u1ef0[:zh]\u4eba\u529b\u8d44\u6e90[:] - CSCEC SEA","isPartOf":{"@id":"https:\/\/cscec-sea.com\/#website"},"primaryImageOfPage":{"@id":"https:\/\/cscec-sea.com\/about-us\/human-resource-policy#primaryimage"},"image":{"@id":"https:\/\/cscec-sea.com\/about-us\/human-resource-policy#primaryimage"},"thumbnailUrl":"http:\/\/cscec-sea.com\/wp-content\/uploads\/2016\/11\/Human-resource-1.jpg","datePublished":"2016-11-18T02:45:20+00:00","dateModified":"2018-01-11T07:46:59+00:00","breadcrumb":{"@id":"https:\/\/cscec-sea.com\/about-us\/human-resource-policy#breadcrumb"},"inLanguage":"vi","potentialAction":[{"@type":"ReadAction","target":["https:\/\/cscec-sea.com\/about-us\/human-resource-policy"]}]},{"@type":"ImageObject","inLanguage":"vi","@id":"https:\/\/cscec-sea.com\/about-us\/human-resource-policy#primaryimage","url":"http:\/\/cscec-sea.com\/wp-content\/uploads\/2016\/11\/Human-resource-1.jpg","contentUrl":"http:\/\/cscec-sea.com\/wp-content\/uploads\/2016\/11\/Human-resource-1.jpg"},{"@type":"BreadcrumbList","@id":"https:\/\/cscec-sea.com\/about-us\/human-resource-policy#breadcrumb","itemListElement":[{"@type":"ListItem","position":1,"name":"Home","item":"https:\/\/cscec-sea.com\/vi\/"},{"@type":"ListItem","position":2,"name":"GI\u1edaI THI\u1ec6U","item":"https:\/\/cscec-sea.com\/vi\/about-us"},{"@type":"ListItem","position":3,"name":"HUMAN RESOURCE"}]},{"@type":"WebSite","@id":"https:\/\/cscec-sea.com\/#website","url":"https:\/\/cscec-sea.com\/","name":"CSCEC SEA","description":"Integrity, Innovation, Transcendence, Win-Win","potentialAction":[{"@type":"SearchAction","target":{"@type":"EntryPoint","urlTemplate":"https:\/\/cscec-sea.com\/?s={search_term_string}"},"query-input":{"@type":"PropertyValueSpecification","valueRequired":true,"valueName":"search_term_string"}}],"inLanguage":"vi"}]}},"_links":{"self":[{"href":"https:\/\/cscec-sea.com\/vi\/wp-json\/wp\/v2\/pages\/120","targetHints":{"allow":["GET"]}}],"collection":[{"href":"https:\/\/cscec-sea.com\/vi\/wp-json\/wp\/v2\/pages"}],"about":[{"href":"https:\/\/cscec-sea.com\/vi\/wp-json\/wp\/v2\/types\/page"}],"author":[{"embeddable":true,"href":"https:\/\/cscec-sea.com\/vi\/wp-json\/wp\/v2\/users\/1"}],"replies":[{"embeddable":true,"href":"https:\/\/cscec-sea.com\/vi\/wp-json\/wp\/v2\/comments?post=120"}],"version-history":[{"count":15,"href":"https:\/\/cscec-sea.com\/vi\/wp-json\/wp\/v2\/pages\/120\/revisions"}],"predecessor-version":[{"id":1439,"href":"https:\/\/cscec-sea.com\/vi\/wp-json\/wp\/v2\/pages\/120\/revisions\/1439"}],"up":[{"embeddable":true,"href":"https:\/\/cscec-sea.com\/vi\/wp-json\/wp\/v2\/pages\/8"}],"wp:attachment":[{"href":"https:\/\/cscec-sea.com\/vi\/wp-json\/wp\/v2\/media?parent=120"}],"curies":[{"name":"wp","href":"https:\/\/api.w.org\/{rel}","templated":true}]}}