{"id":107,"date":"2016-11-18T09:38:28","date_gmt":"2016-11-18T02:38:28","guid":{"rendered":"http:\/\/cscec-sea.com\/?page_id=107"},"modified":"2017-01-05T14:50:41","modified_gmt":"2017-01-05T07:50:41","slug":"overview","status":"publish","type":"page","link":"https:\/\/cscec-sea.com\/vi\/about-us\/overview","title":{"rendered":"T\u1ed4NG QUAN"},"content":{"rendered":"<p><strong>C\u00d4NG TY TNHH X\u00c2Y D<\/strong><strong>\u1ef0<\/strong><strong>NG TRUNG QU<\/strong><strong>\u1ed0<\/strong><strong>C (\u0110\u00d4NG NAM \u00c1)<\/strong><\/p>\n<p>C\u00f4ng ty TNHH X\u00e2y D\u1ef1ng Trung Qu\u1ed1c (\u0110\u00f4ng Nam \u00c1) l\u00e0 c\u00f4ng ty con c\u1ee7a <a href=\"http:\/\/2bur.cscec.com\/\">T\u1ed5ng c\u00f4ng ty X\u00e2y D\u1ef1ng Trung Qu\u1ed1c t\u1ed5ng c\u1ee5c II <\/a>v\u1edbi tr\u1ee5 s\u1edf ch\u00ednh \u0111\u01b0\u1ee3c \u0111\u1eb7t \u1edf khu \u0111\u00f4 th\u1ecb m\u1edbi Ph\u00fa M\u1ef9 H\u01b0ng, qu\u1eadn 7, th\u00e0nh ph\u1ed1 H\u1ed3 Ch\u00ed Minh. C\u00f4ng ty c\u00f3 c\u00e1c chi nh\u00e1nh \u1edf Malaysia, Cambodia, nh\u00e0 m\u00e1y s\u1ea3n xu\u1ea5t c\u1ecdc c\u1eeb b\u00ea t\u00f4ng \u1edf Long An v\u00e0 n\u1eafm gi\u1eef c\u1ed5 ph\u1ea7n c\u1ee7a<a href=\"http:\/\/www.spcc.com.vn\/\"> c\u00f4ng ty T\u01b0 V\u1ea5n X\u00e2y D\u1ef1ng Sino \u2013 Pacific<\/a>. C\u00f4ng ty \u0111\u00e3 nh\u1eadn \u0111\u01b0\u1ee3c ch\u1ee9ng nh\u1eadn h\u1ec7 th\u1ed1ng qu\u1ea3n l\u00fd ch\u1ea5t l\u01b0\u1ee3ng ISO 9001:2004, h\u1ec7 th\u1ed1ng qu\u1ea3n l\u00fd m\u00f4i tr\u01b0\u1eddng ISO 14001:2004 v\u00e0 h\u1ec7 th\u1ed1ng qu\u1ea3n l\u00fd s\u1ee9c kh\u1ecfe &amp; an to\u00e0n ISO 18001:2007. L\u00e0 m\u1ed9t trong nh\u1eefng nh\u00e0 th\u1ea7u qu\u1ed1c t\u1ebf mang t\u00ednh ch\u1ea5t t\u1ed5ng h\u1ee3p v\u00e0 to\u00e0n di\u1ec7n v\u1edbi c\u00e1c nghi\u1ec7p v\u1ee5 x\u00e2y d\u1ef1ng nh\u01b0: c\u00e1c c\u00f4ng tr\u00ecnh d\u00e2n d\u1ee5ng, c\u00f4ng nghi\u1ec7p, giao th\u00f4ng, t\u01b0 v\u1ea5n v\u00e0 thi\u1ebft k\u1ebf, cho thu\u00ea c\u00e1c thi\u1ebft b\u1ecb m\u00e1y m\u00f3c x\u00e2y d\u1ef1ng, s\u1ea3n xu\u1ea5t v\u00e0 ph\u00e2n ph\u1ed1i b\u00ea t\u00f4ng, nguy\u00ean li\u1ec7u xu\u1ea5t nh\u1eadp kh\u1ea9u, thi\u1ebft k\u1ebf v\u00e0 x\u00e2y d\u1ef1ng k\u1ebft c\u1ea5u th\u00e9p, v.v\u2026<\/p>\n<p>B\u01b0\u1edbc v\u00e0o th\u1ecb tr\u01b0\u1eddng Vi\u1ec7t Nam t\u1eeb n\u0103m 1992, sau h\u01a1n 20 n\u0103m ho\u1ea1t \u0111\u1ed9ng v\u00e0 ph\u00e1t tri\u1ec3n, c\u00f4ng ty \u0111\u00e3 tr\u1edf th\u00e0nh nh\u00e0 th\u1ea7u x\u00e2y d\u1ef1ng Trung Qu\u1ed1c l\u1edbn nh\u1ea5t t\u1ea1i Vi\u1ec7t Nam, v\u1edbi t\u1ed5ng c\u00e1c h\u1ee3p \u0111\u1ed3ng \u0111\u1ea1t h\u01a1n 20 t\u1ef7 nh\u00e2n d\u00e2n t\u1ec7, c\u00f3 ph\u1ea1m vi kinh doanh \u1edf kh\u1eafp Vi\u1ec7t Nam, Kuala Lumpur v\u00e0 Johor &#8211; Malaysia, Phnom Penh &#8211; Campuchia v\u00e0 nhi\u1ec1u n\u01a1i kh\u00e1c. Ch\u00fang t\u00f4i \u0111ang th\u1ef1c hi\u1ec7n m\u1edf r\u1ed9ng th\u1ecb tr\u01b0\u1eddng \u0111\u1ebfn c\u00e1c n\u01b0\u1edbc Indonesia, Brunei, Myanmar, L\u00e0o, v.v\u2026 Ch\u00fang t\u00f4i ch\u00ednh l\u00e0 \u0111\u1ea1i di\u1ec7n c\u1ee7a<a href=\"http:\/\/www.cscec.com\/\"> T\u1ed5ng c\u00f4ng ty X\u00e2y D\u1ef1ng Trung Qu\u1ed1c<\/a> \u1edf khu v\u1ef1c \u0110\u00f4ng Nam \u00c1 v\u00e0 to\u00e0n c\u1ea7u.<\/p>","protected":false},"excerpt":{"rendered":"<p>C\u00d4NG TY TNHH X\u00c2Y D\u1ef0NG TRUNG QU\u1ed0C (\u0110\u00d4NG NAM \u00c1) C\u00f4ng ty TNHH X\u00e2y D\u1ef1ng Trung Qu\u1ed1c (\u0110\u00f4ng Nam \u00c1) l\u00e0 c\u00f4ng ty con c\u1ee7a T\u1ed5ng c\u00f4ng ty X\u00e2y D\u1ef1ng Trung Qu\u1ed1c t\u1ed5ng c\u1ee5c II v\u1edbi tr\u1ee5 s\u1edf ch\u00ednh \u0111\u01b0\u1ee3c \u0111\u1eb7t \u1edf khu \u0111\u00f4 th\u1ecb m\u1edbi Ph\u00fa M\u1ef9 H\u01b0ng, qu\u1eadn 7, th\u00e0nh ph\u1ed1 H\u1ed3 Ch\u00ed [&hellip;]<\/p>\n","protected":false},"author":1,"featured_media":795,"parent":8,"menu_order":0,"comment_status":"closed","ping_status":"closed","template":"","meta":{"footnotes":""},"class_list":["post-107","page","type-page","status-publish","has-post-thumbnail","hentry"],"yoast_head":"<!-- This site is optimized with the Yoast SEO plugin v24.7 - https:\/\/yoast.com\/wordpress\/plugins\/seo\/ -->\n<title>T\u1ed4NG QUAN - CSCEC SEA<\/title>\n<meta name=\"robots\" content=\"index, follow, max-snippet:-1, max-image-preview:large, max-video-preview:-1\" \/>\n<link rel=\"canonical\" href=\"https:\/\/cscec-sea.com\/vi\/about-us\/overview\" \/>\n<meta property=\"og:locale\" content=\"vi_VN\" \/>\n<meta property=\"og:type\" content=\"article\" \/>\n<meta property=\"og:title\" content=\"[:en]OVERVIEW[:vi]T\u1ed4NG QUAN[:zh]\u516c\u53f8\u7b80\u4ecb[:] - CSCEC SEA\" \/>\n<meta property=\"og:description\" content=\"C\u00d4NG TY TNHH X\u00c2Y D\u1ef0NG TRUNG QU\u1ed0C (\u0110\u00d4NG NAM \u00c1) C\u00f4ng ty TNHH X\u00e2y D\u1ef1ng Trung Qu\u1ed1c (\u0110\u00f4ng Nam \u00c1) l\u00e0 c\u00f4ng ty con c\u1ee7a T\u1ed5ng c\u00f4ng ty X\u00e2y D\u1ef1ng Trung Qu\u1ed1c t\u1ed5ng c\u1ee5c II v\u1edbi tr\u1ee5 s\u1edf ch\u00ednh \u0111\u01b0\u1ee3c \u0111\u1eb7t \u1edf khu \u0111\u00f4 th\u1ecb m\u1edbi Ph\u00fa M\u1ef9 H\u01b0ng, qu\u1eadn 7, th\u00e0nh ph\u1ed1 H\u1ed3 Ch\u00ed [&hellip;]\" \/>\n<meta property=\"og:url\" content=\"https:\/\/cscec-sea.com\/vi\/about-us\/overview\" \/>\n<meta property=\"og:site_name\" content=\"CSCEC SEA\" \/>\n<meta property=\"article:modified_time\" content=\"2017-01-05T07:50:41+00:00\" \/>\n<meta property=\"og:image\" content=\"https:\/\/cscec-sea.com\/wp-content\/uploads\/2016\/11\/cscec-sea-grand-opening-1024x733.jpg\" \/>\n\t<meta property=\"og:image:width\" content=\"1024\" \/>\n\t<meta property=\"og:image:height\" content=\"733\" \/>\n\t<meta property=\"og:image:type\" content=\"image\/jpeg\" \/>\n<meta name=\"twitter:card\" content=\"summary_large_image\" \/>\n<meta name=\"twitter:label1\" content=\"\u01af\u1edbc t\u00ednh th\u1eddi gian \u0111\u1ecdc\" \/>\n\t<meta name=\"twitter:data1\" content=\"3 ph\u00fat\" \/>\n<script type=\"application\/ld+json\" class=\"yoast-schema-graph\">{\"@context\":\"https:\/\/schema.org\",\"@graph\":[{\"@type\":\"WebPage\",\"@id\":\"https:\/\/cscec-sea.com\/vi\/about-us\/overview\",\"url\":\"https:\/\/cscec-sea.com\/vi\/about-us\/overview\",\"name\":\"[:en]OVERVIEW[:vi]T\u1ed4NG QUAN[:zh]\u516c\u53f8\u7b80\u4ecb[:] - CSCEC SEA\",\"isPartOf\":{\"@id\":\"https:\/\/cscec-sea.com\/#website\"},\"primaryImageOfPage\":{\"@id\":\"https:\/\/cscec-sea.com\/vi\/about-us\/overview#primaryimage\"},\"image\":{\"@id\":\"https:\/\/cscec-sea.com\/vi\/about-us\/overview#primaryimage\"},\"thumbnailUrl\":\"https:\/\/cscec-sea.com\/wp-content\/uploads\/2016\/11\/cscec-sea-grand-opening.jpg\",\"datePublished\":\"2016-11-18T02:38:28+00:00\",\"dateModified\":\"2017-01-05T07:50:41+00:00\",\"breadcrumb\":{\"@id\":\"https:\/\/cscec-sea.com\/vi\/about-us\/overview#breadcrumb\"},\"inLanguage\":\"vi\",\"potentialAction\":[{\"@type\":\"ReadAction\",\"target\":[\"https:\/\/cscec-sea.com\/vi\/about-us\/overview\"]}]},{\"@type\":\"ImageObject\",\"inLanguage\":\"vi\",\"@id\":\"https:\/\/cscec-sea.com\/vi\/about-us\/overview#primaryimage\",\"url\":\"https:\/\/cscec-sea.com\/wp-content\/uploads\/2016\/11\/cscec-sea-grand-opening.jpg\",\"contentUrl\":\"https:\/\/cscec-sea.com\/wp-content\/uploads\/2016\/11\/cscec-sea-grand-opening.jpg\",\"width\":4224,\"height\":3024},{\"@type\":\"BreadcrumbList\",\"@id\":\"https:\/\/cscec-sea.com\/vi\/about-us\/overview#breadcrumb\",\"itemListElement\":[{\"@type\":\"ListItem\",\"position\":1,\"name\":\"Home\",\"item\":\"https:\/\/cscec-sea.com\/vi\/\"},{\"@type\":\"ListItem\",\"position\":2,\"name\":\"GI\u1edaI THI\u1ec6U\",\"item\":\"https:\/\/cscec-sea.com\/vi\/about-us\"},{\"@type\":\"ListItem\",\"position\":3,\"name\":\"T\u1ed4NG QUAN\"}]},{\"@type\":\"WebSite\",\"@id\":\"https:\/\/cscec-sea.com\/#website\",\"url\":\"https:\/\/cscec-sea.com\/\",\"name\":\"CSCEC SEA\",\"description\":\"Integrity, Innovation, Transcendence, Win-Win\",\"potentialAction\":[{\"@type\":\"SearchAction\",\"target\":{\"@type\":\"EntryPoint\",\"urlTemplate\":\"https:\/\/cscec-sea.com\/?s={search_term_string}\"},\"query-input\":{\"@type\":\"PropertyValueSpecification\",\"valueRequired\":true,\"valueName\":\"search_term_string\"}}],\"inLanguage\":\"vi\"}]}<\/script>\n<!-- \/ Yoast SEO plugin. -->","yoast_head_json":{"title":"[:en]OVERVIEW[:vi]T\u1ed4NG QUAN[:zh]\u516c\u53f8\u7b80\u4ecb[:] - CSCEC SEA","robots":{"index":"index","follow":"follow","max-snippet":"max-snippet:-1","max-image-preview":"max-image-preview:large","max-video-preview":"max-video-preview:-1"},"canonical":"https:\/\/cscec-sea.com\/vi\/about-us\/overview","og_locale":"vi_VN","og_type":"article","og_title":"[:en]OVERVIEW[:vi]T\u1ed4NG QUAN[:zh]\u516c\u53f8\u7b80\u4ecb[:] - CSCEC SEA","og_description":"C\u00d4NG TY TNHH X\u00c2Y D\u1ef0NG TRUNG QU\u1ed0C (\u0110\u00d4NG NAM \u00c1) C\u00f4ng ty TNHH X\u00e2y D\u1ef1ng Trung Qu\u1ed1c (\u0110\u00f4ng Nam \u00c1) l\u00e0 c\u00f4ng ty con c\u1ee7a T\u1ed5ng c\u00f4ng ty X\u00e2y D\u1ef1ng Trung Qu\u1ed1c t\u1ed5ng c\u1ee5c II v\u1edbi tr\u1ee5 s\u1edf ch\u00ednh \u0111\u01b0\u1ee3c \u0111\u1eb7t \u1edf khu \u0111\u00f4 th\u1ecb m\u1edbi Ph\u00fa M\u1ef9 H\u01b0ng, qu\u1eadn 7, th\u00e0nh ph\u1ed1 H\u1ed3 Ch\u00ed [&hellip;]","og_url":"https:\/\/cscec-sea.com\/vi\/about-us\/overview","og_site_name":"CSCEC SEA","article_modified_time":"2017-01-05T07:50:41+00:00","og_image":[{"width":1024,"height":733,"url":"https:\/\/cscec-sea.com\/wp-content\/uploads\/2016\/11\/cscec-sea-grand-opening-1024x733.jpg","type":"image\/jpeg"}],"twitter_card":"summary_large_image","twitter_misc":{"\u01af\u1edbc t\u00ednh th\u1eddi gian \u0111\u1ecdc":"3 ph\u00fat"},"schema":{"@context":"https:\/\/schema.org","@graph":[{"@type":"WebPage","@id":"https:\/\/cscec-sea.com\/vi\/about-us\/overview","url":"https:\/\/cscec-sea.com\/vi\/about-us\/overview","name":"[:en]OVERVIEW[:vi]T\u1ed4NG QUAN[:zh]\u516c\u53f8\u7b80\u4ecb[:] - CSCEC SEA","isPartOf":{"@id":"https:\/\/cscec-sea.com\/#website"},"primaryImageOfPage":{"@id":"https:\/\/cscec-sea.com\/vi\/about-us\/overview#primaryimage"},"image":{"@id":"https:\/\/cscec-sea.com\/vi\/about-us\/overview#primaryimage"},"thumbnailUrl":"https:\/\/cscec-sea.com\/wp-content\/uploads\/2016\/11\/cscec-sea-grand-opening.jpg","datePublished":"2016-11-18T02:38:28+00:00","dateModified":"2017-01-05T07:50:41+00:00","breadcrumb":{"@id":"https:\/\/cscec-sea.com\/vi\/about-us\/overview#breadcrumb"},"inLanguage":"vi","potentialAction":[{"@type":"ReadAction","target":["https:\/\/cscec-sea.com\/vi\/about-us\/overview"]}]},{"@type":"ImageObject","inLanguage":"vi","@id":"https:\/\/cscec-sea.com\/vi\/about-us\/overview#primaryimage","url":"https:\/\/cscec-sea.com\/wp-content\/uploads\/2016\/11\/cscec-sea-grand-opening.jpg","contentUrl":"https:\/\/cscec-sea.com\/wp-content\/uploads\/2016\/11\/cscec-sea-grand-opening.jpg","width":4224,"height":3024},{"@type":"BreadcrumbList","@id":"https:\/\/cscec-sea.com\/vi\/about-us\/overview#breadcrumb","itemListElement":[{"@type":"ListItem","position":1,"name":"Home","item":"https:\/\/cscec-sea.com\/vi\/"},{"@type":"ListItem","position":2,"name":"GI\u1edaI THI\u1ec6U","item":"https:\/\/cscec-sea.com\/vi\/about-us"},{"@type":"ListItem","position":3,"name":"T\u1ed4NG QUAN"}]},{"@type":"WebSite","@id":"https:\/\/cscec-sea.com\/#website","url":"https:\/\/cscec-sea.com\/","name":"CSCEC SEA","description":"Integrity, Innovation, Transcendence, Win-Win","potentialAction":[{"@type":"SearchAction","target":{"@type":"EntryPoint","urlTemplate":"https:\/\/cscec-sea.com\/?s={search_term_string}"},"query-input":{"@type":"PropertyValueSpecification","valueRequired":true,"valueName":"search_term_string"}}],"inLanguage":"vi"}]}},"_links":{"self":[{"href":"https:\/\/cscec-sea.com\/vi\/wp-json\/wp\/v2\/pages\/107","targetHints":{"allow":["GET"]}}],"collection":[{"href":"https:\/\/cscec-sea.com\/vi\/wp-json\/wp\/v2\/pages"}],"about":[{"href":"https:\/\/cscec-sea.com\/vi\/wp-json\/wp\/v2\/types\/page"}],"author":[{"embeddable":true,"href":"https:\/\/cscec-sea.com\/vi\/wp-json\/wp\/v2\/users\/1"}],"replies":[{"embeddable":true,"href":"https:\/\/cscec-sea.com\/vi\/wp-json\/wp\/v2\/comments?post=107"}],"version-history":[{"count":7,"href":"https:\/\/cscec-sea.com\/vi\/wp-json\/wp\/v2\/pages\/107\/revisions"}],"predecessor-version":[{"id":793,"href":"https:\/\/cscec-sea.com\/vi\/wp-json\/wp\/v2\/pages\/107\/revisions\/793"}],"up":[{"embeddable":true,"href":"https:\/\/cscec-sea.com\/vi\/wp-json\/wp\/v2\/pages\/8"}],"wp:featuredmedia":[{"embeddable":true,"href":"https:\/\/cscec-sea.com\/vi\/wp-json\/wp\/v2\/media\/795"}],"wp:attachment":[{"href":"https:\/\/cscec-sea.com\/vi\/wp-json\/wp\/v2\/media?parent=107"}],"curies":[{"name":"wp","href":"https:\/\/api.w.org\/{rel}","templated":true}]}}